{"id":2043,"date":"2025-03-24T12:59:07","date_gmt":"2025-03-24T12:59:07","guid":{"rendered":"https:\/\/roccahotels.ee\/home\/"},"modified":"2025-06-30T09:19:37","modified_gmt":"2025-06-30T09:19:37","slug":"home","status":"publish","type":"page","link":"https:\/\/roccahotels.ee\/fi\/","title":{"rendered":"Home"},"content":{"rendered":"<div class=\"wp-block-cover aligncenter alignfull\" style=\"min-height:856px;aspect-ratio:unset;\"><img loading=\"lazy\" decoding=\"async\" width=\"2560\" height=\"1706\" class=\"wp-block-cover__image-background wp-image-1451\" alt=\"\" src=\"https:\/\/roccahotels.ee\/wp-content\/uploads\/2025\/04\/Rocca_al_Mare_Hotell-scaled.jpg\" data-object-fit=\"cover\" srcset=\"https:\/\/roccahotels.ee\/wp-content\/uploads\/2025\/04\/Rocca_al_Mare_Hotell-scaled.jpg 2560w, https:\/\/roccahotels.ee\/wp-content\/uploads\/2025\/04\/Rocca_al_Mare_Hotell-300x200.jpg 300w, https:\/\/roccahotels.ee\/wp-content\/uploads\/2025\/04\/Rocca_al_Mare_Hotell-1024x683.jpg 1024w, https:\/\/roccahotels.ee\/wp-content\/uploads\/2025\/04\/Rocca_al_Mare_Hotell-768x512.jpg 768w, https:\/\/roccahotels.ee\/wp-content\/uploads\/2025\/04\/Rocca_al_Mare_Hotell-1536x1024.jpg 1536w, https:\/\/roccahotels.ee\/wp-content\/uploads\/2025\/04\/Rocca_al_Mare_Hotell-2048x1365.jpg 2048w, https:\/\/roccahotels.ee\/wp-content\/uploads\/2025\/04\/Rocca_al_Mare_Hotell-1568x1045.jpg 1568w\" sizes=\"auto, (max-width: 2560px) 100vw, 2560px\" \/><span aria-hidden=\"true\" class=\"wp-block-cover__background has-background-dim-0 has-background-dim\" style=\"background-color:#f8dfbe\"><\/span><div class=\"wp-block-cover__inner-container is-layout-flow wp-block-cover-is-layout-flow\"><p><\/p><\/div><\/div><style>\n\t\t:root {\n\t\t\t--bouk--background-color: #fff;\n\t\t\t--bouk--button-background-color: #4d2810;\n\t\t\t--bouk--button-text-color: #4d2810\t\t}\n\t<\/style>\n\t<div class=\"wp-block-edhotels-bouk-booking-block \" style=\"--bouk-margin-top: -150px; background-color:#fff; color:#4d2810;\">\n        <div class=\"bouk-booking-content\" data-min-nights=\"1\" data-min-adults=\"1\" data-startdate=\"2026-04-09\">\n            <div class=\"bouk-booking-block\" style=\"--bouk-button-bg-color: #4d2810\">\n\t\t\t\t<label for=\"bouk-checkin\">\n\t\t\t\t\t<span>Tulo<\/span>\n\t\t\t\t\t<input type=\"text\" id=\"bouk-checkin\" class=\"bouk-datepicker\" value=09 title=\"Arrival\" style=\"background-color: #fff; color: #4d2810;\" \/>\n\t\t\t\t\t<span class=\"bouk-checkin-month\"><\/span>\n\t\t\t\t<\/label>\n            <\/div>\n            <div class=\"bouk-booking-block\" style=\"--bouk-button-bg-color: #4d2810\">\n\t\t\t\t<label for=\"bouk-checkout\">\n\t\t\t\t\t<span>L\u00e4hto<\/span>\n\t\t\t\t\t<input type=\"text\" id=\"bouk-checkout\" class=\"bouk-datepicker\" value=10 title=\"Departure\" style=\"background-color: #fff; color: #4d2810;\" \/>\n\t\t\t\t\t<span class=\"bouk-checkout-month\"><\/span>\n\t\t\t\t<\/label>\n\t\t\t<\/div>\n\t\t\t<div class=\"bouk-booking-block noborder\"> \n\t\t\t\t<label for=\"bouk-adults\">\n\t\t\t\t\t<span>kuinka monta<\/span>\n\t\t\t\t\t<input type=\"number\" id=\"bouk-adults\" class=\"bouk-people\" value=\"1\" title=\"How many persons?\" style=\"background-color: #fff; color: #4d2810;\" min=\"1\" \/>\t\t\t\t\t\t<span>vierasta<\/span>\n\t\t\t\t<\/label>\n\t\t\t<\/div>\n\t\t\t<a href=https:\/\/bouk.io\/booking\/Rocca\/691\/rooms?language=et class=\"bouk-booking-button bouk-booking-block noborder\" style=\"background-color: #4d2810; color: #fff\">Etsi<\/a>\n        <\/div>\n    <\/div> <!-- #booking --><div style=\"height:20px\" aria-hidden=\"true\" class=\"wp-block-spacer\"><\/div><div style=\"border:5px double #ac906c\" class=\"alignwide\"><div class=\"wp-block-group alignwide has-border is-layout-constrained wp-container-core-group-is-layout-bc598dfc wp-block-group-is-layout-constrained\" style=\"padding-top:var(--wp--preset--spacing--60);padding-right:var(--wp--preset--spacing--50);padding-bottom:var(--wp--preset--spacing--60);padding-left:var(--wp--preset--spacing--50)\"><h2 class=\"wp-block-heading\" style=\"font-size:18px\">\n<strong><span class=\"first-phrase\">Rocca al Mare Hotelli<\/span><\/strong> toivottaa Teid\u00e4t tervetulleiksi ainutlaatuiseen sijaintiin aivan meren rannalla, tarjoten upean panoraaman\u00e4kym\u00e4n Tallinnanlahdelle. Hotellimme on ihanteellinen paikka sek\u00e4 lomailuun ett\u00e4 ty\u00f6matkalle yhdist\u00e4en mukavuuden, modernin ilmapiirin ja luonnon l\u00e4heisyyden rauhan.<\/h2>\n\n<p style=\"font-size:18px\">43 viihtyis\u00e4\u00e4 ja tyylikk\u00e4\u00e4sti sisustettua huonetta takaavat mukavan ja miellytt\u00e4v\u00e4n majoituksen. Hotellin l\u00e4heisyydess\u00e4 on paljon kiinnostavia aktiviteetteja ja n\u00e4ht\u00e4vyyksi\u00e4: kansainv\u00e4lisesti tunnettu Tallinnan el\u00e4intarha, Viron ulkoilmamuseo, suosittu Rocca al Maren ostoskeskus, Unibet Arena, Premia-j\u00e4\u00e4halli sek\u00e4 Rocca al Maren tenniskeskus. Tallinnan keskusta on vain 10 minuutin ajomatkan p\u00e4\u00e4ss\u00e4. Lis\u00e4ksi hotellin edess\u00e4 ja vieress\u00e4 on asiakkaille ilmainen pys\u00e4k\u00f6inti, mik\u00e4 tekee saapumisesta erityisen k\u00e4tev\u00e4\u00e4.<\/p>\n\n<p style=\"font-size:18px\">Tule ja koe unohtumaton el\u00e4mys, jossa lintujen laulu, merituuli ja rehev\u00e4 vihreys luovat t\u00e4ydellisen lomapaikan. <span><b>Odotamme Teit\u00e4 Rocca al Mare <\/b><strong style=\"font-weight: bold;\">Hotellissa<\/strong><\/span><strong>!<\/strong><\/p><\/div><\/div><div style=\"height:20px\" aria-hidden=\"true\" class=\"wp-block-spacer\"><\/div><div class=\"wp-block-group alignwide has-background has-small-font-size is-layout-flow wp-container-core-group-is-layout-c96e284d wp-block-group-is-layout-flow\" style=\"background:linear-gradient(200deg,rgb(242,233,228) 0%,rgb(77,40,16) 54%)\"><p class=\"has-text-align-center has-black-color has-text-color has-medium-font-size\"><br><\/p>\n\n<figure class=\"wp-block-image aligncenter size-large\"><img loading=\"lazy\" decoding=\"async\" width=\"1024\" height=\"681\" src=\"https:\/\/roccahotels.ee\/wp-content\/uploads\/2025\/04\/Rocca_al_Mare_Hotell_sissepaas-1024x681.jpg\" alt=\"\" class=\"wp-image-1447\" srcset=\"https:\/\/roccahotels.ee\/wp-content\/uploads\/2025\/04\/Rocca_al_Mare_Hotell_sissepaas-1024x681.jpg 1024w, https:\/\/roccahotels.ee\/wp-content\/uploads\/2025\/04\/Rocca_al_Mare_Hotell_sissepaas-300x200.jpg 300w, https:\/\/roccahotels.ee\/wp-content\/uploads\/2025\/04\/Rocca_al_Mare_Hotell_sissepaas-768x511.jpg 768w, https:\/\/roccahotels.ee\/wp-content\/uploads\/2025\/04\/Rocca_al_Mare_Hotell_sissepaas-1536x1022.jpg 1536w, https:\/\/roccahotels.ee\/wp-content\/uploads\/2025\/04\/Rocca_al_Mare_Hotell_sissepaas-2048x1363.jpg 2048w, https:\/\/roccahotels.ee\/wp-content\/uploads\/2025\/04\/Rocca_al_Mare_Hotell_sissepaas-1568x1043.jpg 1568w\" sizes=\"auto, (max-width: 1024px) 100vw, 1024px\" \/><\/figure>\n\n<div class=\"wp-block-columns is-layout-flex wp-container-core-columns-is-layout-50c094d6 wp-block-columns-is-layout-flex\" style=\"margin-top:100px;margin-bottom:0px\"><div class=\"wp-block-column is-layout-flow wp-block-column-is-layout-flow\"><div class=\"wp-block-cover has-parallax is-repeated ed-linked-block\" style=\"padding-top:0;padding-right:0;padding-bottom:0;padding-left:0;min-height:500px;aspect-ratio:unset;\"><div class=\"wp-block-cover__image-background wp-image-1439 has-parallax is-repeated\" style=\"background-position:79% 21%;background-image:url(https:\/\/roccahotels.ee\/wp-content\/uploads\/2025\/04\/Rocca_al_Mare_Hotell_droonivaade-scaled.jpg)\"><\/div><span aria-hidden=\"true\" class=\"wp-block-cover__background has-background-dim-0 has-background-dim\" style=\"background-color:#5f726e\"><\/span><div class=\"wp-block-cover__inner-container is-layout-flow wp-block-cover-is-layout-flow\"><h2 class=\"wp-block-heading has-text-align-center has-white-color has-text-color has-large-font-size\">JUHLAT<br><\/h2><\/div><a href=\"https:\/\/roccahotels.ee\/fi\/juhlat\/\" class=\"edhotels-block-link\" rel=\"\"><\/a><\/div><\/div>\n\n<div class=\"wp-block-column is-layout-flow wp-block-column-is-layout-flow\"><div class=\"wp-block-cover has-parallax is-repeated ed-linked-block\" style=\"min-height:500px;aspect-ratio:unset;\"><div class=\"wp-block-cover__image-background wp-image-1439 has-parallax is-repeated\" style=\"background-position:79% 21%;background-image:url(https:\/\/roccahotels.ee\/wp-content\/uploads\/2025\/04\/Rocca_al_Mare_Hotell_droonivaade-scaled.jpg)\"><\/div><span aria-hidden=\"true\" class=\"wp-block-cover__background has-background-dim-0 has-background-dim\" style=\"background-color:#5f726e\"><\/span><div class=\"wp-block-cover__inner-container is-layout-flow wp-block-cover-is-layout-flow\"><h2 class=\"wp-block-heading has-text-align-center has-white-color has-text-color has-large-font-size\">HUONEET<br><\/h2><\/div><a href=\"https:\/\/roccahotels.ee\/hotell\/\" class=\"edhotels-block-link\" rel=\"\"><\/a><\/div><\/div>\n\n<div class=\"wp-block-column is-layout-flow wp-block-column-is-layout-flow\"><div class=\"wp-block-cover has-parallax is-repeated ed-linked-block\" style=\"min-height:500px;aspect-ratio:unset;\"><div class=\"wp-block-cover__image-background wp-image-1439 has-parallax is-repeated\" style=\"background-position:79% 21%;background-image:url(https:\/\/roccahotels.ee\/wp-content\/uploads\/2025\/04\/Rocca_al_Mare_Hotell_droonivaade-scaled.jpg)\"><\/div><span aria-hidden=\"true\" class=\"wp-block-cover__background has-background-dim-0 has-background-dim\" style=\"background-color:#5f726e\"><\/span><div class=\"wp-block-cover__inner-container is-layout-flow wp-block-cover-is-layout-flow\"><h2 class=\"wp-block-heading has-text-align-center has-white-color has-text-color has-large-font-size\">SPA<br><\/h2><\/div><a href=\"https:\/\/roccahotels.ee\/spa\/\" class=\"edhotels-block-link\" rel=\"\"><\/a><\/div><\/div>\n\n<div class=\"wp-block-column is-layout-flow wp-block-column-is-layout-flow\"><div class=\"wp-block-cover has-parallax is-repeated ed-linked-block\" style=\"min-height:500px;aspect-ratio:unset;\"><div class=\"wp-block-cover__image-background wp-image-1439 has-parallax is-repeated\" style=\"background-position:79% 21%;background-image:url(https:\/\/roccahotels.ee\/wp-content\/uploads\/2025\/04\/Rocca_al_Mare_Hotell_droonivaade-scaled.jpg)\"><\/div><span aria-hidden=\"true\" class=\"wp-block-cover__background has-background-dim-0 has-background-dim\" style=\"background-color:#5f726e\"><\/span><div class=\"wp-block-cover__inner-container is-layout-flow wp-block-cover-is-layout-flow\"><h2 class=\"wp-block-heading has-text-align-center has-white-color has-text-color has-large-font-size\">YHTEYSTIEDOT<br><\/h2><\/div><a href=\"https:\/\/roccahotels.ee\/kontaktid\/\" class=\"edhotels-block-link\" rel=\"\"><\/a><\/div><\/div><\/div><\/div><div style=\"height:20px\" aria-hidden=\"true\" class=\"wp-block-spacer\"><\/div><div class=\"wp-block-webfactory-map alignfull google-map-edhotels\"><div class=\"wp-block-webfactory-map\"><iframe loading=\"lazy\" title=\"Map\" width=\"100%\" height=\"300px\" src=\"https:\/\/www.google.com\/maps\/embed\/v1\/place?q=Rocca%20al%20Mare%20hotell&amp;maptype=roadmap&amp;zoom=10&amp;key=AIzaSyDu21TpfU-MuEwU2kFMxIuyEP8nP1tAj4I\" frameborder=\"0\"><\/iframe><\/div><\/div><div style=\"height:10px\" aria-hidden=\"true\" class=\"wp-block-spacer\"><\/div>","protected":false},"excerpt":{"rendered":"<p>Rocca al Mare Hotelli toivottaa Teid\u00e4t tervetulleiksi ainutlaatuiseen sijaintiin aivan meren rannalla, tarjoten upean panoraaman\u00e4kym\u00e4n Tallinnanlahdelle. Hotellimme on ihanteellinen paikka sek\u00e4 lomailuun ett\u00e4 ty\u00f6matkalle yhdist\u00e4en mukavuuden, modernin ilmapiirin ja luonnon l\u00e4heisyyden rauhan. 43 viihtyis\u00e4\u00e4 ja tyylikk\u00e4\u00e4sti sisustettua huonetta takaavat mukavan ja miellytt\u00e4v\u00e4n majoituksen. Hotellin l\u00e4heisyydess\u00e4 on paljon kiinnostavia aktiviteetteja ja n\u00e4ht\u00e4vyyksi\u00e4: kansainv\u00e4lisesti tunnettu Tallinnan el\u00e4intarha, [&hellip;]<\/p>\n","protected":false},"author":1,"featured_media":0,"parent":0,"menu_order":0,"comment_status":"closed","ping_status":"closed","template":"","meta":{"footnotes":""},"class_list":["post-2043","page","type-page","status-publish","hentry"],"yoast_head":"<!-- This site is optimized with the Yoast SEO plugin v27.1.1 - https:\/\/yoast.com\/product\/yoast-seo-wordpress\/ -->\n<title>Home - Rocca al Mare Hotel<\/title>\n<meta name=\"robots\" content=\"index, follow, max-snippet:-1, max-image-preview:large, max-video-preview:-1\" \/>\n<link rel=\"canonical\" href=\"https:\/\/roccahotels.ee\/fi\/\" \/>\n<meta property=\"og:locale\" content=\"fi_FI\" \/>\n<meta property=\"og:type\" content=\"article\" \/>\n<meta property=\"og:title\" content=\"Home - Rocca al Mare Hotel\" \/>\n<meta property=\"og:description\" content=\"Rocca al Mare Hotelli toivottaa Teid\u00e4t tervetulleiksi ainutlaatuiseen sijaintiin aivan meren rannalla, tarjoten upean panoraaman\u00e4kym\u00e4n Tallinnanlahdelle. Hotellimme on ihanteellinen paikka sek\u00e4 lomailuun ett\u00e4 ty\u00f6matkalle yhdist\u00e4en mukavuuden, modernin ilmapiirin ja luonnon l\u00e4heisyyden rauhan. 43 viihtyis\u00e4\u00e4 ja tyylikk\u00e4\u00e4sti sisustettua huonetta takaavat mukavan ja miellytt\u00e4v\u00e4n majoituksen. Hotellin l\u00e4heisyydess\u00e4 on paljon kiinnostavia aktiviteetteja ja n\u00e4ht\u00e4vyyksi\u00e4: kansainv\u00e4lisesti tunnettu Tallinnan el\u00e4intarha, [&hellip;]\" \/>\n<meta property=\"og:url\" content=\"https:\/\/roccahotels.ee\/fi\/\" \/>\n<meta property=\"og:site_name\" content=\"Rocca al Mare Hotel\" \/>\n<meta property=\"article:publisher\" content=\"https:\/\/www.facebook.com\/RoccaAlMareHotell\" \/>\n<meta property=\"article:modified_time\" content=\"2025-06-30T09:19:37+00:00\" \/>\n<meta property=\"og:image\" content=\"https:\/\/roccahotels.ee\/wp-content\/uploads\/2025\/04\/Rocca_al_Mare_Hotell-scaled.jpg\" \/>\n<meta name=\"twitter:card\" content=\"summary_large_image\" \/>\n<meta name=\"twitter:label1\" content=\"Arvioitu lukuaika\" \/>\n\t<meta name=\"twitter:data1\" content=\"1 minuutti\" \/>\n<script type=\"application\/ld+json\" class=\"yoast-schema-graph\">{\"@context\":\"https:\/\/schema.org\",\"@graph\":[{\"@type\":\"WebPage\",\"@id\":\"https:\/\/roccahotels.ee\/fi\/\",\"url\":\"https:\/\/roccahotels.ee\/fi\/\",\"name\":\"Home - Rocca al Mare Hotel\",\"isPartOf\":{\"@id\":\"https:\/\/roccahotels.ee\/#website\"},\"primaryImageOfPage\":{\"@id\":\"https:\/\/roccahotels.ee\/fi\/#primaryimage\"},\"image\":{\"@id\":\"https:\/\/roccahotels.ee\/fi\/#primaryimage\"},\"thumbnailUrl\":\"https:\/\/roccahotels.ee\/wp-content\/uploads\/2025\/04\/Rocca_al_Mare_Hotell-scaled.jpg\",\"datePublished\":\"2025-03-24T12:59:07+00:00\",\"dateModified\":\"2025-06-30T09:19:37+00:00\",\"breadcrumb\":{\"@id\":\"https:\/\/roccahotels.ee\/fi\/#breadcrumb\"},\"inLanguage\":\"fi\",\"potentialAction\":[{\"@type\":\"ReadAction\",\"target\":[\"https:\/\/roccahotels.ee\/fi\/\"]}]},{\"@type\":\"ImageObject\",\"inLanguage\":\"fi\",\"@id\":\"https:\/\/roccahotels.ee\/fi\/#primaryimage\",\"url\":\"https:\/\/roccahotels.ee\/wp-content\/uploads\/2025\/04\/Rocca_al_Mare_Hotell-scaled.jpg\",\"contentUrl\":\"https:\/\/roccahotels.ee\/wp-content\/uploads\/2025\/04\/Rocca_al_Mare_Hotell-scaled.jpg\"},{\"@type\":\"BreadcrumbList\",\"@id\":\"https:\/\/roccahotels.ee\/fi\/#breadcrumb\",\"itemListElement\":[{\"@type\":\"ListItem\",\"position\":1,\"name\":\"Home\",\"item\":\"https:\/\/roccahotels.ee\/fi\/\"},{\"@type\":\"ListItem\",\"position\":2,\"name\":\"Home\"}]},{\"@type\":\"WebSite\",\"@id\":\"https:\/\/roccahotels.ee\/#website\",\"url\":\"https:\/\/roccahotels.ee\/\",\"name\":\"Rocca al Mare Hotel\",\"description\":\"Rocca al Mare hotell panoraamvaatega Tallinna lahele\",\"publisher\":{\"@id\":\"https:\/\/roccahotels.ee\/#organization\"},\"alternateName\":\"Rocca al Mare Hotel\",\"potentialAction\":[{\"@type\":\"SearchAction\",\"target\":{\"@type\":\"EntryPoint\",\"urlTemplate\":\"https:\/\/roccahotels.ee\/?s={search_term_string}\"},\"query-input\":{\"@type\":\"PropertyValueSpecification\",\"valueRequired\":true,\"valueName\":\"search_term_string\"}}],\"inLanguage\":\"fi\"},{\"@type\":\"Organization\",\"@id\":\"https:\/\/roccahotels.ee\/#organization\",\"name\":\"Rocca al Mare Hotel\",\"url\":\"https:\/\/roccahotels.ee\/\",\"logo\":{\"@type\":\"ImageObject\",\"inLanguage\":\"fi\",\"@id\":\"https:\/\/roccahotels.ee\/#\/schema\/logo\/image\/\",\"url\":\"https:\/\/roccahotels.ee\/wp-content\/uploads\/2025\/07\/Rocca-al-Mare-HOTEL-RESTAURANT-250-x-100-px.svg\",\"contentUrl\":\"https:\/\/roccahotels.ee\/wp-content\/uploads\/2025\/07\/Rocca-al-Mare-HOTEL-RESTAURANT-250-x-100-px.svg\",\"width\":187,\"height\":74,\"caption\":\"Rocca al Mare Hotel\"},\"image\":{\"@id\":\"https:\/\/roccahotels.ee\/#\/schema\/logo\/image\/\"},\"sameAs\":[\"https:\/\/www.facebook.com\/RoccaAlMareHotell\"]}]}<\/script>\n<!-- \/ Yoast SEO plugin. -->","yoast_head_json":{"title":"Home - Rocca al Mare Hotel","robots":{"index":"index","follow":"follow","max-snippet":"max-snippet:-1","max-image-preview":"max-image-preview:large","max-video-preview":"max-video-preview:-1"},"canonical":"https:\/\/roccahotels.ee\/fi\/","og_locale":"fi_FI","og_type":"article","og_title":"Home - Rocca al Mare Hotel","og_description":"Rocca al Mare Hotelli toivottaa Teid\u00e4t tervetulleiksi ainutlaatuiseen sijaintiin aivan meren rannalla, tarjoten upean panoraaman\u00e4kym\u00e4n Tallinnanlahdelle. Hotellimme on ihanteellinen paikka sek\u00e4 lomailuun ett\u00e4 ty\u00f6matkalle yhdist\u00e4en mukavuuden, modernin ilmapiirin ja luonnon l\u00e4heisyyden rauhan. 43 viihtyis\u00e4\u00e4 ja tyylikk\u00e4\u00e4sti sisustettua huonetta takaavat mukavan ja miellytt\u00e4v\u00e4n majoituksen. Hotellin l\u00e4heisyydess\u00e4 on paljon kiinnostavia aktiviteetteja ja n\u00e4ht\u00e4vyyksi\u00e4: kansainv\u00e4lisesti tunnettu Tallinnan el\u00e4intarha, [&hellip;]","og_url":"https:\/\/roccahotels.ee\/fi\/","og_site_name":"Rocca al Mare Hotel","article_publisher":"https:\/\/www.facebook.com\/RoccaAlMareHotell","article_modified_time":"2025-06-30T09:19:37+00:00","og_image":[{"url":"https:\/\/roccahotels.ee\/wp-content\/uploads\/2025\/04\/Rocca_al_Mare_Hotell-scaled.jpg","type":"","width":"","height":""}],"twitter_card":"summary_large_image","twitter_misc":{"Arvioitu lukuaika":"1 minuutti"},"schema":{"@context":"https:\/\/schema.org","@graph":[{"@type":"WebPage","@id":"https:\/\/roccahotels.ee\/fi\/","url":"https:\/\/roccahotels.ee\/fi\/","name":"Home - Rocca al Mare Hotel","isPartOf":{"@id":"https:\/\/roccahotels.ee\/#website"},"primaryImageOfPage":{"@id":"https:\/\/roccahotels.ee\/fi\/#primaryimage"},"image":{"@id":"https:\/\/roccahotels.ee\/fi\/#primaryimage"},"thumbnailUrl":"https:\/\/roccahotels.ee\/wp-content\/uploads\/2025\/04\/Rocca_al_Mare_Hotell-scaled.jpg","datePublished":"2025-03-24T12:59:07+00:00","dateModified":"2025-06-30T09:19:37+00:00","breadcrumb":{"@id":"https:\/\/roccahotels.ee\/fi\/#breadcrumb"},"inLanguage":"fi","potentialAction":[{"@type":"ReadAction","target":["https:\/\/roccahotels.ee\/fi\/"]}]},{"@type":"ImageObject","inLanguage":"fi","@id":"https:\/\/roccahotels.ee\/fi\/#primaryimage","url":"https:\/\/roccahotels.ee\/wp-content\/uploads\/2025\/04\/Rocca_al_Mare_Hotell-scaled.jpg","contentUrl":"https:\/\/roccahotels.ee\/wp-content\/uploads\/2025\/04\/Rocca_al_Mare_Hotell-scaled.jpg"},{"@type":"BreadcrumbList","@id":"https:\/\/roccahotels.ee\/fi\/#breadcrumb","itemListElement":[{"@type":"ListItem","position":1,"name":"Home","item":"https:\/\/roccahotels.ee\/fi\/"},{"@type":"ListItem","position":2,"name":"Home"}]},{"@type":"WebSite","@id":"https:\/\/roccahotels.ee\/#website","url":"https:\/\/roccahotels.ee\/","name":"Rocca al Mare Hotel","description":"Rocca al Mare hotell panoraamvaatega Tallinna lahele","publisher":{"@id":"https:\/\/roccahotels.ee\/#organization"},"alternateName":"Rocca al Mare Hotel","potentialAction":[{"@type":"SearchAction","target":{"@type":"EntryPoint","urlTemplate":"https:\/\/roccahotels.ee\/?s={search_term_string}"},"query-input":{"@type":"PropertyValueSpecification","valueRequired":true,"valueName":"search_term_string"}}],"inLanguage":"fi"},{"@type":"Organization","@id":"https:\/\/roccahotels.ee\/#organization","name":"Rocca al Mare Hotel","url":"https:\/\/roccahotels.ee\/","logo":{"@type":"ImageObject","inLanguage":"fi","@id":"https:\/\/roccahotels.ee\/#\/schema\/logo\/image\/","url":"https:\/\/roccahotels.ee\/wp-content\/uploads\/2025\/07\/Rocca-al-Mare-HOTEL-RESTAURANT-250-x-100-px.svg","contentUrl":"https:\/\/roccahotels.ee\/wp-content\/uploads\/2025\/07\/Rocca-al-Mare-HOTEL-RESTAURANT-250-x-100-px.svg","width":187,"height":74,"caption":"Rocca al Mare Hotel"},"image":{"@id":"https:\/\/roccahotels.ee\/#\/schema\/logo\/image\/"},"sameAs":["https:\/\/www.facebook.com\/RoccaAlMareHotell"]}]}},"_links":{"self":[{"href":"https:\/\/roccahotels.ee\/fi\/wp-json\/wp\/v2\/pages\/2043","targetHints":{"allow":["GET"]}}],"collection":[{"href":"https:\/\/roccahotels.ee\/fi\/wp-json\/wp\/v2\/pages"}],"about":[{"href":"https:\/\/roccahotels.ee\/fi\/wp-json\/wp\/v2\/types\/page"}],"author":[{"embeddable":true,"href":"https:\/\/roccahotels.ee\/fi\/wp-json\/wp\/v2\/users\/1"}],"replies":[{"embeddable":true,"href":"https:\/\/roccahotels.ee\/fi\/wp-json\/wp\/v2\/comments?post=2043"}],"version-history":[{"count":4,"href":"https:\/\/roccahotels.ee\/fi\/wp-json\/wp\/v2\/pages\/2043\/revisions"}],"predecessor-version":[{"id":2196,"href":"https:\/\/roccahotels.ee\/fi\/wp-json\/wp\/v2\/pages\/2043\/revisions\/2196"}],"wp:attachment":[{"href":"https:\/\/roccahotels.ee\/fi\/wp-json\/wp\/v2\/media?parent=2043"}],"curies":[{"name":"wp","href":"https:\/\/api.w.org\/{rel}","templated":true}]}}