{"id":2039,"date":"2025-05-29T17:42:05","date_gmt":"2025-05-29T17:42:05","guid":{"rendered":"https:\/\/roccahotels.ee\/tahistamised\/"},"modified":"2025-06-27T12:14:54","modified_gmt":"2025-06-27T12:14:54","slug":"juhlat","status":"publish","type":"page","link":"https:\/\/roccahotels.ee\/fi\/juhlat\/","title":{"rendered":"JUHLAT"},"content":{"rendered":"<div class=\"wp-block-cover alignfull is-light has-parallax is-repeated has-custom-content-position is-position-bottom-right\" style=\"min-height:460px;aspect-ratio:unset;\"><div class=\"wp-block-cover__image-background wp-image-1760 size-full has-parallax is-repeated\" style=\"background-position:49% 22%;background-image:url(https:\/\/roccahotels.ee\/wp-content\/uploads\/2025\/05\/Rocca_al_Mare-Hotell_pidustused3.jpeg)\"><\/div><span aria-hidden=\"true\" class=\"wp-block-cover__background has-background-dim-0 has-background-dim\"><\/span><div class=\"wp-block-cover__inner-container is-layout-flow wp-block-cover-is-layout-flow\"><h1 class=\"wp-block-heading has-white-color has-text-color has-link-color wp-elements-ff59d9bc52ea502fceabb8a34dd988a7\">JUHLAT<\/h1><\/div><\/div><div style=\"border:5px double #ac906c\" class=\"alignwide\"><div class=\"wp-block-group alignwide has-border is-layout-constrained wp-container-core-group-is-layout-bc598dfc wp-block-group-is-layout-constrained\" style=\"padding-top:var(--wp--preset--spacing--60);padding-right:var(--wp--preset--spacing--50);padding-bottom:var(--wp--preset--spacing--60);padding-left:var(--wp--preset--spacing--50)\"><h2 class=\"wp-block-heading\" style=\"font-size:27px\"><strong>Juhlat ja juhlistukset Rocca al Mare -ravintolassa<\/strong><\/h2>\n\n<p style=\"font-size:18px\">Jos etsit juhlalliseen tilaisuuteen paikkaa, jossa yhdistyv\u00e4t kaunis merin\u00e4k\u00f6ala, kodikas ilmapiiri ja erinomainen palvelu, Rocca al Mare -ravintola on juuri oikea valinta. Elegantti eurooppalaistyylinen salimme, romanttisella n\u00e4kym\u00e4ll\u00e4 Tallinnanlahdelle, luo t\u00e4ydellisen taustan h\u00e4ihin, syntym\u00e4p\u00e4iviin, valmistujaisiin tai muihin merkkip\u00e4iviin. <\/p>\n\n<p style=\"font-size:18px\">Tarjoamme kahta joustavaa vuokrausvaihtoehtoa. Voit varata pelk\u00e4n salin ilman tarjoilua ja palvelua, jos haluat j\u00e4rjest\u00e4\u00e4 tapahtuman itse. Halutessasi tarjoamme my\u00f6s t\u00e4yden palvelun, joka sis\u00e4lt\u00e4\u00e4 herkullisen menun, huolella valitut juomat, maukkaat j\u00e4lkiruoat, tuoreet hedelm\u00e4t sek\u00e4 ammattitaitoisen palvelun koko juhlan ajan. <\/p>\n\n<p style=\"font-size:18px\">K\u00e4yt\u00f6ss\u00e4si on tilava sali jopa 40 vieraalle, tanssilattia ja kes\u00e4terassi, jolta avautuu upea merin\u00e4k\u00f6ala. Salia voi k\u00e4ytt\u00e4\u00e4 klo 23:een asti. Morsiammille tarjoamme romanttisia majoituspaketteja alennettuun hintaan, ja kaikille vieraille on taattu ilmainen pys\u00e4k\u00f6inti. <\/p>\n\n<p style=\"font-size:18px\">Varaukset ja menu-pyynn\u00f6t: ota yhteytt\u00e4 s\u00e4hk\u00f6postitse osoitteeseen <strong><a href=\"mailto:sales@roccahotels.ee\">sales@roccahotels.ee<\/a><\/strong> tai puhelimitse numeroon <a href=\"tel:+3725161067\"><strong>+372 5161 067<\/strong><\/a><\/p>\n\n<p style=\"font-size:18px\">Rocca al Mare Ravintola \u2013 paikka, jossa jokainen juhla saa erityisen merkityksen.<\/p><\/div><\/div><div style=\"height:15px\" aria-hidden=\"true\" class=\"wp-block-spacer\"><\/div><figure class=\"wp-block-gallery alignfull has-nested-images columns-6 is-cropped wp-block-gallery-1 is-layout-flex wp-block-gallery-is-layout-flex\"><figure class=\"wp-block-image size-large\"><a href=\"https:\/\/roccahotels.ee\/wp-content\/uploads\/2025\/05\/DSC_0984-scaled.jpg\"><img loading=\"lazy\" decoding=\"async\" width=\"1024\" height=\"680\" data-id=\"1869\" src=\"https:\/\/roccahotels.ee\/wp-content\/uploads\/2025\/05\/DSC_0984-1024x680.jpg\" alt=\"\" class=\"wp-image-1869\" srcset=\"https:\/\/roccahotels.ee\/wp-content\/uploads\/2025\/05\/DSC_0984-1024x680.jpg 1024w, https:\/\/roccahotels.ee\/wp-content\/uploads\/2025\/05\/DSC_0984-300x199.jpg 300w, https:\/\/roccahotels.ee\/wp-content\/uploads\/2025\/05\/DSC_0984-768x510.jpg 768w, https:\/\/roccahotels.ee\/wp-content\/uploads\/2025\/05\/DSC_0984-1536x1020.jpg 1536w, https:\/\/roccahotels.ee\/wp-content\/uploads\/2025\/05\/DSC_0984-2048x1360.jpg 2048w, https:\/\/roccahotels.ee\/wp-content\/uploads\/2025\/05\/DSC_0984-1568x1041.jpg 1568w\" sizes=\"auto, (max-width: 1024px) 100vw, 1024px\" \/><\/a><\/figure>\n\n<figure class=\"wp-block-image size-large\"><a href=\"https:\/\/roccahotels.ee\/wp-content\/uploads\/2025\/05\/WhatsApp-Image-2021-06-28-at-12.10.08.jpeg\"><img loading=\"lazy\" decoding=\"async\" width=\"768\" height=\"1024\" data-id=\"1873\" src=\"https:\/\/roccahotels.ee\/wp-content\/uploads\/2025\/05\/WhatsApp-Image-2021-06-28-at-12.10.08-768x1024.jpeg\" alt=\"\" class=\"wp-image-1873\" srcset=\"https:\/\/roccahotels.ee\/wp-content\/uploads\/2025\/05\/WhatsApp-Image-2021-06-28-at-12.10.08-768x1024.jpeg 768w, https:\/\/roccahotels.ee\/wp-content\/uploads\/2025\/05\/WhatsApp-Image-2021-06-28-at-12.10.08-225x300.jpeg 225w, https:\/\/roccahotels.ee\/wp-content\/uploads\/2025\/05\/WhatsApp-Image-2021-06-28-at-12.10.08.jpeg 960w\" sizes=\"auto, (max-width: 768px) 100vw, 768px\" \/><\/a><\/figure>\n\n<figure class=\"wp-block-image size-large\"><a href=\"https:\/\/roccahotels.ee\/wp-content\/uploads\/2025\/05\/WhatsApp-Image-2021-09-13-at-16.00.07.jpeg\"><img loading=\"lazy\" decoding=\"async\" width=\"768\" height=\"1024\" data-id=\"1881\" src=\"https:\/\/roccahotels.ee\/wp-content\/uploads\/2025\/05\/WhatsApp-Image-2021-09-13-at-16.00.07-768x1024.jpeg\" alt=\"\" class=\"wp-image-1881\" srcset=\"https:\/\/roccahotels.ee\/wp-content\/uploads\/2025\/05\/WhatsApp-Image-2021-09-13-at-16.00.07-768x1024.jpeg 768w, https:\/\/roccahotels.ee\/wp-content\/uploads\/2025\/05\/WhatsApp-Image-2021-09-13-at-16.00.07-225x300.jpeg 225w, https:\/\/roccahotels.ee\/wp-content\/uploads\/2025\/05\/WhatsApp-Image-2021-09-13-at-16.00.07.jpeg 960w\" sizes=\"auto, (max-width: 768px) 100vw, 768px\" \/><\/a><\/figure>\n\n<figure class=\"wp-block-image size-large\"><a href=\"https:\/\/roccahotels.ee\/wp-content\/uploads\/2025\/05\/WhatsApp-Image-2021-09-13-at-16.08.53-6-\u2014-\u043a\u043e\u043f\u0438\u044f.jpeg\"><img loading=\"lazy\" decoding=\"async\" width=\"768\" height=\"1024\" data-id=\"1885\" src=\"https:\/\/roccahotels.ee\/wp-content\/uploads\/2025\/05\/WhatsApp-Image-2021-09-13-at-16.08.53-6-\u2014-\u043a\u043e\u043f\u0438\u044f-768x1024.jpeg\" alt=\"\" class=\"wp-image-1885\" srcset=\"https:\/\/roccahotels.ee\/wp-content\/uploads\/2025\/05\/WhatsApp-Image-2021-09-13-at-16.08.53-6-\u2014-\u043a\u043e\u043f\u0438\u044f-768x1024.jpeg 768w, https:\/\/roccahotels.ee\/wp-content\/uploads\/2025\/05\/WhatsApp-Image-2021-09-13-at-16.08.53-6-\u2014-\u043a\u043e\u043f\u0438\u044f-225x300.jpeg 225w, https:\/\/roccahotels.ee\/wp-content\/uploads\/2025\/05\/WhatsApp-Image-2021-09-13-at-16.08.53-6-\u2014-\u043a\u043e\u043f\u0438\u044f.jpeg 960w\" sizes=\"auto, (max-width: 768px) 100vw, 768px\" \/><\/a><\/figure>\n\n<figure class=\"wp-block-image size-large\"><a href=\"https:\/\/roccahotels.ee\/wp-content\/uploads\/2025\/05\/WhatsApp-Image-2021-09-20-at-20.43.59-1.jpeg\"><img loading=\"lazy\" decoding=\"async\" width=\"1024\" height=\"683\" data-id=\"1889\" src=\"https:\/\/roccahotels.ee\/wp-content\/uploads\/2025\/05\/WhatsApp-Image-2021-09-20-at-20.43.59-1-1024x683.jpeg\" alt=\"\" class=\"wp-image-1889\" srcset=\"https:\/\/roccahotels.ee\/wp-content\/uploads\/2025\/05\/WhatsApp-Image-2021-09-20-at-20.43.59-1-1024x683.jpeg 1024w, https:\/\/roccahotels.ee\/wp-content\/uploads\/2025\/05\/WhatsApp-Image-2021-09-20-at-20.43.59-1-300x200.jpeg 300w, https:\/\/roccahotels.ee\/wp-content\/uploads\/2025\/05\/WhatsApp-Image-2021-09-20-at-20.43.59-1-768x512.jpeg 768w, https:\/\/roccahotels.ee\/wp-content\/uploads\/2025\/05\/WhatsApp-Image-2021-09-20-at-20.43.59-1.jpeg 1125w\" sizes=\"auto, (max-width: 1024px) 100vw, 1024px\" \/><\/a><\/figure>\n\n<figure class=\"wp-block-image size-large\"><a href=\"https:\/\/roccahotels.ee\/wp-content\/uploads\/2025\/05\/WhatsApp-Image-2021-09-20-at-20.43.59-3.jpeg\"><img loading=\"lazy\" decoding=\"async\" width=\"1024\" height=\"683\" data-id=\"1893\" src=\"https:\/\/roccahotels.ee\/wp-content\/uploads\/2025\/05\/WhatsApp-Image-2021-09-20-at-20.43.59-3-1024x683.jpeg\" alt=\"\" class=\"wp-image-1893\" srcset=\"https:\/\/roccahotels.ee\/wp-content\/uploads\/2025\/05\/WhatsApp-Image-2021-09-20-at-20.43.59-3-1024x683.jpeg 1024w, https:\/\/roccahotels.ee\/wp-content\/uploads\/2025\/05\/WhatsApp-Image-2021-09-20-at-20.43.59-3-300x200.jpeg 300w, https:\/\/roccahotels.ee\/wp-content\/uploads\/2025\/05\/WhatsApp-Image-2021-09-20-at-20.43.59-3-768x512.jpeg 768w, https:\/\/roccahotels.ee\/wp-content\/uploads\/2025\/05\/WhatsApp-Image-2021-09-20-at-20.43.59-3.jpeg 1125w\" sizes=\"auto, (max-width: 1024px) 100vw, 1024px\" \/><\/a><\/figure>\n\n<figure class=\"wp-block-image size-large\"><a href=\"https:\/\/roccahotels.ee\/wp-content\/uploads\/2025\/05\/WhatsApp-Image-2021-09-20-at-20.43.59.jpeg\"><img loading=\"lazy\" decoding=\"async\" width=\"1024\" height=\"683\" data-id=\"1897\" src=\"https:\/\/roccahotels.ee\/wp-content\/uploads\/2025\/05\/WhatsApp-Image-2021-09-20-at-20.43.59-1024x683.jpeg\" alt=\"\" class=\"wp-image-1897\" srcset=\"https:\/\/roccahotels.ee\/wp-content\/uploads\/2025\/05\/WhatsApp-Image-2021-09-20-at-20.43.59-1024x683.jpeg 1024w, https:\/\/roccahotels.ee\/wp-content\/uploads\/2025\/05\/WhatsApp-Image-2021-09-20-at-20.43.59-300x200.jpeg 300w, https:\/\/roccahotels.ee\/wp-content\/uploads\/2025\/05\/WhatsApp-Image-2021-09-20-at-20.43.59-768x512.jpeg 768w, https:\/\/roccahotels.ee\/wp-content\/uploads\/2025\/05\/WhatsApp-Image-2021-09-20-at-20.43.59.jpeg 1125w\" sizes=\"auto, (max-width: 1024px) 100vw, 1024px\" \/><\/a><\/figure>\n\n<figure class=\"wp-block-image size-large\"><a href=\"https:\/\/roccahotels.ee\/wp-content\/uploads\/2025\/05\/WhatsApp-Image-2021-12-06-at-18.45.03-1.jpeg\"><img loading=\"lazy\" decoding=\"async\" width=\"1024\" height=\"682\" data-id=\"1901\" src=\"https:\/\/roccahotels.ee\/wp-content\/uploads\/2025\/05\/WhatsApp-Image-2021-12-06-at-18.45.03-1-1024x682.jpeg\" alt=\"\" class=\"wp-image-1901\" srcset=\"https:\/\/roccahotels.ee\/wp-content\/uploads\/2025\/05\/WhatsApp-Image-2021-12-06-at-18.45.03-1-1024x682.jpeg 1024w, https:\/\/roccahotels.ee\/wp-content\/uploads\/2025\/05\/WhatsApp-Image-2021-12-06-at-18.45.03-1-300x200.jpeg 300w, https:\/\/roccahotels.ee\/wp-content\/uploads\/2025\/05\/WhatsApp-Image-2021-12-06-at-18.45.03-1-768x512.jpeg 768w, https:\/\/roccahotels.ee\/wp-content\/uploads\/2025\/05\/WhatsApp-Image-2021-12-06-at-18.45.03-1-1536x1023.jpeg 1536w, https:\/\/roccahotels.ee\/wp-content\/uploads\/2025\/05\/WhatsApp-Image-2021-12-06-at-18.45.03-1-1568x1045.jpeg 1568w, https:\/\/roccahotels.ee\/wp-content\/uploads\/2025\/05\/WhatsApp-Image-2021-12-06-at-18.45.03-1.jpeg 1600w\" sizes=\"auto, (max-width: 1024px) 100vw, 1024px\" \/><\/a><\/figure>\n\n<figure class=\"wp-block-image size-large\"><a href=\"https:\/\/roccahotels.ee\/wp-content\/uploads\/2025\/05\/WhatsApp-Image-2021-12-06-at-18.45.03-2.jpeg\"><img loading=\"lazy\" decoding=\"async\" width=\"1024\" height=\"682\" data-id=\"1905\" src=\"https:\/\/roccahotels.ee\/wp-content\/uploads\/2025\/05\/WhatsApp-Image-2021-12-06-at-18.45.03-2-1024x682.jpeg\" alt=\"\" class=\"wp-image-1905\" srcset=\"https:\/\/roccahotels.ee\/wp-content\/uploads\/2025\/05\/WhatsApp-Image-2021-12-06-at-18.45.03-2-1024x682.jpeg 1024w, https:\/\/roccahotels.ee\/wp-content\/uploads\/2025\/05\/WhatsApp-Image-2021-12-06-at-18.45.03-2-300x200.jpeg 300w, https:\/\/roccahotels.ee\/wp-content\/uploads\/2025\/05\/WhatsApp-Image-2021-12-06-at-18.45.03-2-768x512.jpeg 768w, https:\/\/roccahotels.ee\/wp-content\/uploads\/2025\/05\/WhatsApp-Image-2021-12-06-at-18.45.03-2-1536x1023.jpeg 1536w, https:\/\/roccahotels.ee\/wp-content\/uploads\/2025\/05\/WhatsApp-Image-2021-12-06-at-18.45.03-2-1568x1045.jpeg 1568w, https:\/\/roccahotels.ee\/wp-content\/uploads\/2025\/05\/WhatsApp-Image-2021-12-06-at-18.45.03-2.jpeg 1600w\" sizes=\"auto, (max-width: 1024px) 100vw, 1024px\" \/><\/a><\/figure>\n\n<figure class=\"wp-block-image size-large\"><a href=\"https:\/\/roccahotels.ee\/wp-content\/uploads\/2025\/05\/WhatsApp-Image-2021-12-06-at-18.45.03.jpeg\"><img loading=\"lazy\" decoding=\"async\" width=\"1024\" height=\"682\" data-id=\"1909\" src=\"https:\/\/roccahotels.ee\/wp-content\/uploads\/2025\/05\/WhatsApp-Image-2021-12-06-at-18.45.03-1024x682.jpeg\" alt=\"\" class=\"wp-image-1909\" srcset=\"https:\/\/roccahotels.ee\/wp-content\/uploads\/2025\/05\/WhatsApp-Image-2021-12-06-at-18.45.03-1024x682.jpeg 1024w, https:\/\/roccahotels.ee\/wp-content\/uploads\/2025\/05\/WhatsApp-Image-2021-12-06-at-18.45.03-300x200.jpeg 300w, https:\/\/roccahotels.ee\/wp-content\/uploads\/2025\/05\/WhatsApp-Image-2021-12-06-at-18.45.03-768x512.jpeg 768w, https:\/\/roccahotels.ee\/wp-content\/uploads\/2025\/05\/WhatsApp-Image-2021-12-06-at-18.45.03-1536x1023.jpeg 1536w, https:\/\/roccahotels.ee\/wp-content\/uploads\/2025\/05\/WhatsApp-Image-2021-12-06-at-18.45.03-1568x1045.jpeg 1568w, https:\/\/roccahotels.ee\/wp-content\/uploads\/2025\/05\/WhatsApp-Image-2021-12-06-at-18.45.03.jpeg 1600w\" sizes=\"auto, (max-width: 1024px) 100vw, 1024px\" \/><\/a><\/figure>\n\n<figure class=\"wp-block-image size-large\"><a href=\"https:\/\/roccahotels.ee\/wp-content\/uploads\/2025\/05\/WhatsApp-Image-2021-09-13-at-16.00.07-2-\u2014-\u043a\u043e\u043f\u0438\u044f.jpeg\"><img loading=\"lazy\" decoding=\"async\" width=\"1024\" height=\"768\" data-id=\"1877\" src=\"https:\/\/roccahotels.ee\/wp-content\/uploads\/2025\/05\/WhatsApp-Image-2021-09-13-at-16.00.07-2-\u2014-\u043a\u043e\u043f\u0438\u044f-1024x768.jpeg\" alt=\"\" class=\"wp-image-1877\" srcset=\"https:\/\/roccahotels.ee\/wp-content\/uploads\/2025\/05\/WhatsApp-Image-2021-09-13-at-16.00.07-2-\u2014-\u043a\u043e\u043f\u0438\u044f-1024x768.jpeg 1024w, https:\/\/roccahotels.ee\/wp-content\/uploads\/2025\/05\/WhatsApp-Image-2021-09-13-at-16.00.07-2-\u2014-\u043a\u043e\u043f\u0438\u044f-300x225.jpeg 300w, https:\/\/roccahotels.ee\/wp-content\/uploads\/2025\/05\/WhatsApp-Image-2021-09-13-at-16.00.07-2-\u2014-\u043a\u043e\u043f\u0438\u044f-768x576.jpeg 768w, https:\/\/roccahotels.ee\/wp-content\/uploads\/2025\/05\/WhatsApp-Image-2021-09-13-at-16.00.07-2-\u2014-\u043a\u043e\u043f\u0438\u044f.jpeg 1280w\" sizes=\"auto, (max-width: 1024px) 100vw, 1024px\" \/><\/a><\/figure><\/figure><div style=\"height:15px\" aria-hidden=\"true\" class=\"wp-block-spacer\"><\/div><div class=\"wp-block-webfactory-map alignfull google-map-edhotels\"><div class=\"wp-block-webfactory-map\"><iframe loading=\"lazy\" title=\"Map\" width=\"100%\" height=\"300px\" src=\"https:\/\/www.google.com\/maps\/embed\/v1\/place?q=Rocca%20al%20Mare%20hotell&amp;maptype=roadmap&amp;zoom=15&amp;key=AIzaSyDu21TpfU-MuEwU2kFMxIuyEP8nP1tAj4I\" frameborder=\"0\"><\/iframe><\/div><\/div><div style=\"height:20px\" aria-hidden=\"true\" class=\"wp-block-spacer\"><\/div><p><\/p>","protected":false},"excerpt":{"rendered":"<p>Juhlat ja juhlistukset Rocca al Mare -ravintolassa Jos etsit juhlalliseen tilaisuuteen paikkaa, jossa yhdistyv\u00e4t kaunis merin\u00e4k\u00f6ala, kodikas ilmapiiri ja erinomainen palvelu, Rocca al Mare -ravintola on juuri oikea valinta. Elegantti eurooppalaistyylinen salimme, romanttisella n\u00e4kym\u00e4ll\u00e4 Tallinnanlahdelle, luo t\u00e4ydellisen taustan h\u00e4ihin, syntym\u00e4p\u00e4iviin, valmistujaisiin tai muihin merkkip\u00e4iviin. Tarjoamme kahta joustavaa vuokrausvaihtoehtoa. Voit varata pelk\u00e4n salin ilman tarjoilua ja [&hellip;]<\/p>\n","protected":false},"author":4,"featured_media":0,"parent":0,"menu_order":0,"comment_status":"closed","ping_status":"closed","template":"","meta":{"footnotes":""},"class_list":["post-2039","page","type-page","status-publish","hentry"],"yoast_head":"<!-- This site is optimized with the Yoast SEO plugin v27.1.1 - https:\/\/yoast.com\/product\/yoast-seo-wordpress\/ -->\n<title>JUHLAT - Rocca al Mare Hotel<\/title>\n<meta name=\"robots\" content=\"index, follow, max-snippet:-1, max-image-preview:large, max-video-preview:-1\" \/>\n<link rel=\"canonical\" href=\"https:\/\/roccahotels.ee\/fi\/juhlat\/\" \/>\n<meta property=\"og:locale\" content=\"fi_FI\" \/>\n<meta property=\"og:type\" content=\"article\" \/>\n<meta property=\"og:title\" content=\"JUHLAT - Rocca al Mare Hotel\" \/>\n<meta property=\"og:description\" content=\"Juhlat ja juhlistukset Rocca al Mare -ravintolassa Jos etsit juhlalliseen tilaisuuteen paikkaa, jossa yhdistyv\u00e4t kaunis merin\u00e4k\u00f6ala, kodikas ilmapiiri ja erinomainen palvelu, Rocca al Mare -ravintola on juuri oikea valinta. Elegantti eurooppalaistyylinen salimme, romanttisella n\u00e4kym\u00e4ll\u00e4 Tallinnanlahdelle, luo t\u00e4ydellisen taustan h\u00e4ihin, syntym\u00e4p\u00e4iviin, valmistujaisiin tai muihin merkkip\u00e4iviin. Tarjoamme kahta joustavaa vuokrausvaihtoehtoa. Voit varata pelk\u00e4n salin ilman tarjoilua ja [&hellip;]\" \/>\n<meta property=\"og:url\" content=\"https:\/\/roccahotels.ee\/fi\/juhlat\/\" \/>\n<meta property=\"og:site_name\" content=\"Rocca al Mare Hotel\" \/>\n<meta property=\"article:publisher\" content=\"https:\/\/www.facebook.com\/RoccaAlMareHotell\" \/>\n<meta property=\"article:modified_time\" content=\"2025-06-27T12:14:54+00:00\" \/>\n<meta property=\"og:image\" content=\"https:\/\/roccahotels.ee\/wp-content\/uploads\/2025\/05\/DSC_0984-1024x680.jpg\" \/>\n<meta name=\"twitter:card\" content=\"summary_large_image\" \/>\n<meta name=\"twitter:label1\" content=\"Arvioitu lukuaika\" \/>\n\t<meta name=\"twitter:data1\" content=\"1 minuutti\" \/>\n<script type=\"application\/ld+json\" class=\"yoast-schema-graph\">{\"@context\":\"https:\/\/schema.org\",\"@graph\":[{\"@type\":\"WebPage\",\"@id\":\"https:\/\/roccahotels.ee\/fi\/juhlat\/\",\"url\":\"https:\/\/roccahotels.ee\/fi\/juhlat\/\",\"name\":\"JUHLAT - Rocca al Mare Hotel\",\"isPartOf\":{\"@id\":\"https:\/\/roccahotels.ee\/#website\"},\"primaryImageOfPage\":{\"@id\":\"https:\/\/roccahotels.ee\/fi\/juhlat\/#primaryimage\"},\"image\":{\"@id\":\"https:\/\/roccahotels.ee\/fi\/juhlat\/#primaryimage\"},\"thumbnailUrl\":\"https:\/\/roccahotels.ee\/wp-content\/uploads\/2025\/05\/DSC_0984-1024x680.jpg\",\"datePublished\":\"2025-05-29T17:42:05+00:00\",\"dateModified\":\"2025-06-27T12:14:54+00:00\",\"breadcrumb\":{\"@id\":\"https:\/\/roccahotels.ee\/fi\/juhlat\/#breadcrumb\"},\"inLanguage\":\"fi\",\"potentialAction\":[{\"@type\":\"ReadAction\",\"target\":[\"https:\/\/roccahotels.ee\/fi\/juhlat\/\"]}]},{\"@type\":\"ImageObject\",\"inLanguage\":\"fi\",\"@id\":\"https:\/\/roccahotels.ee\/fi\/juhlat\/#primaryimage\",\"url\":\"https:\/\/roccahotels.ee\/wp-content\/uploads\/2025\/05\/DSC_0984-1024x680.jpg\",\"contentUrl\":\"https:\/\/roccahotels.ee\/wp-content\/uploads\/2025\/05\/DSC_0984-1024x680.jpg\"},{\"@type\":\"BreadcrumbList\",\"@id\":\"https:\/\/roccahotels.ee\/fi\/juhlat\/#breadcrumb\",\"itemListElement\":[{\"@type\":\"ListItem\",\"position\":1,\"name\":\"Home\",\"item\":\"https:\/\/roccahotels.ee\/fi\/\"},{\"@type\":\"ListItem\",\"position\":2,\"name\":\"JUHLAT\"}]},{\"@type\":\"WebSite\",\"@id\":\"https:\/\/roccahotels.ee\/#website\",\"url\":\"https:\/\/roccahotels.ee\/\",\"name\":\"Rocca al Mare Hotel\",\"description\":\"Rocca al Mare hotell panoraamvaatega Tallinna lahele\",\"publisher\":{\"@id\":\"https:\/\/roccahotels.ee\/#organization\"},\"alternateName\":\"Rocca al Mare Hotel\",\"potentialAction\":[{\"@type\":\"SearchAction\",\"target\":{\"@type\":\"EntryPoint\",\"urlTemplate\":\"https:\/\/roccahotels.ee\/?s={search_term_string}\"},\"query-input\":{\"@type\":\"PropertyValueSpecification\",\"valueRequired\":true,\"valueName\":\"search_term_string\"}}],\"inLanguage\":\"fi\"},{\"@type\":\"Organization\",\"@id\":\"https:\/\/roccahotels.ee\/#organization\",\"name\":\"Rocca al Mare Hotel\",\"url\":\"https:\/\/roccahotels.ee\/\",\"logo\":{\"@type\":\"ImageObject\",\"inLanguage\":\"fi\",\"@id\":\"https:\/\/roccahotels.ee\/#\/schema\/logo\/image\/\",\"url\":\"https:\/\/roccahotels.ee\/wp-content\/uploads\/2025\/07\/Rocca-al-Mare-HOTEL-RESTAURANT-250-x-100-px.svg\",\"contentUrl\":\"https:\/\/roccahotels.ee\/wp-content\/uploads\/2025\/07\/Rocca-al-Mare-HOTEL-RESTAURANT-250-x-100-px.svg\",\"width\":187,\"height\":74,\"caption\":\"Rocca al Mare Hotel\"},\"image\":{\"@id\":\"https:\/\/roccahotels.ee\/#\/schema\/logo\/image\/\"},\"sameAs\":[\"https:\/\/www.facebook.com\/RoccaAlMareHotell\"]}]}<\/script>\n<!-- \/ Yoast SEO plugin. -->","yoast_head_json":{"title":"JUHLAT - Rocca al Mare Hotel","robots":{"index":"index","follow":"follow","max-snippet":"max-snippet:-1","max-image-preview":"max-image-preview:large","max-video-preview":"max-video-preview:-1"},"canonical":"https:\/\/roccahotels.ee\/fi\/juhlat\/","og_locale":"fi_FI","og_type":"article","og_title":"JUHLAT - Rocca al Mare Hotel","og_description":"Juhlat ja juhlistukset Rocca al Mare -ravintolassa Jos etsit juhlalliseen tilaisuuteen paikkaa, jossa yhdistyv\u00e4t kaunis merin\u00e4k\u00f6ala, kodikas ilmapiiri ja erinomainen palvelu, Rocca al Mare -ravintola on juuri oikea valinta. Elegantti eurooppalaistyylinen salimme, romanttisella n\u00e4kym\u00e4ll\u00e4 Tallinnanlahdelle, luo t\u00e4ydellisen taustan h\u00e4ihin, syntym\u00e4p\u00e4iviin, valmistujaisiin tai muihin merkkip\u00e4iviin. Tarjoamme kahta joustavaa vuokrausvaihtoehtoa. Voit varata pelk\u00e4n salin ilman tarjoilua ja [&hellip;]","og_url":"https:\/\/roccahotels.ee\/fi\/juhlat\/","og_site_name":"Rocca al Mare Hotel","article_publisher":"https:\/\/www.facebook.com\/RoccaAlMareHotell","article_modified_time":"2025-06-27T12:14:54+00:00","og_image":[{"url":"https:\/\/roccahotels.ee\/wp-content\/uploads\/2025\/05\/DSC_0984-1024x680.jpg","type":"","width":"","height":""}],"twitter_card":"summary_large_image","twitter_misc":{"Arvioitu lukuaika":"1 minuutti"},"schema":{"@context":"https:\/\/schema.org","@graph":[{"@type":"WebPage","@id":"https:\/\/roccahotels.ee\/fi\/juhlat\/","url":"https:\/\/roccahotels.ee\/fi\/juhlat\/","name":"JUHLAT - Rocca al Mare Hotel","isPartOf":{"@id":"https:\/\/roccahotels.ee\/#website"},"primaryImageOfPage":{"@id":"https:\/\/roccahotels.ee\/fi\/juhlat\/#primaryimage"},"image":{"@id":"https:\/\/roccahotels.ee\/fi\/juhlat\/#primaryimage"},"thumbnailUrl":"https:\/\/roccahotels.ee\/wp-content\/uploads\/2025\/05\/DSC_0984-1024x680.jpg","datePublished":"2025-05-29T17:42:05+00:00","dateModified":"2025-06-27T12:14:54+00:00","breadcrumb":{"@id":"https:\/\/roccahotels.ee\/fi\/juhlat\/#breadcrumb"},"inLanguage":"fi","potentialAction":[{"@type":"ReadAction","target":["https:\/\/roccahotels.ee\/fi\/juhlat\/"]}]},{"@type":"ImageObject","inLanguage":"fi","@id":"https:\/\/roccahotels.ee\/fi\/juhlat\/#primaryimage","url":"https:\/\/roccahotels.ee\/wp-content\/uploads\/2025\/05\/DSC_0984-1024x680.jpg","contentUrl":"https:\/\/roccahotels.ee\/wp-content\/uploads\/2025\/05\/DSC_0984-1024x680.jpg"},{"@type":"BreadcrumbList","@id":"https:\/\/roccahotels.ee\/fi\/juhlat\/#breadcrumb","itemListElement":[{"@type":"ListItem","position":1,"name":"Home","item":"https:\/\/roccahotels.ee\/fi\/"},{"@type":"ListItem","position":2,"name":"JUHLAT"}]},{"@type":"WebSite","@id":"https:\/\/roccahotels.ee\/#website","url":"https:\/\/roccahotels.ee\/","name":"Rocca al Mare Hotel","description":"Rocca al Mare hotell panoraamvaatega Tallinna lahele","publisher":{"@id":"https:\/\/roccahotels.ee\/#organization"},"alternateName":"Rocca al Mare Hotel","potentialAction":[{"@type":"SearchAction","target":{"@type":"EntryPoint","urlTemplate":"https:\/\/roccahotels.ee\/?s={search_term_string}"},"query-input":{"@type":"PropertyValueSpecification","valueRequired":true,"valueName":"search_term_string"}}],"inLanguage":"fi"},{"@type":"Organization","@id":"https:\/\/roccahotels.ee\/#organization","name":"Rocca al Mare Hotel","url":"https:\/\/roccahotels.ee\/","logo":{"@type":"ImageObject","inLanguage":"fi","@id":"https:\/\/roccahotels.ee\/#\/schema\/logo\/image\/","url":"https:\/\/roccahotels.ee\/wp-content\/uploads\/2025\/07\/Rocca-al-Mare-HOTEL-RESTAURANT-250-x-100-px.svg","contentUrl":"https:\/\/roccahotels.ee\/wp-content\/uploads\/2025\/07\/Rocca-al-Mare-HOTEL-RESTAURANT-250-x-100-px.svg","width":187,"height":74,"caption":"Rocca al Mare Hotel"},"image":{"@id":"https:\/\/roccahotels.ee\/#\/schema\/logo\/image\/"},"sameAs":["https:\/\/www.facebook.com\/RoccaAlMareHotell"]}]}},"_links":{"self":[{"href":"https:\/\/roccahotels.ee\/fi\/wp-json\/wp\/v2\/pages\/2039","targetHints":{"allow":["GET"]}}],"collection":[{"href":"https:\/\/roccahotels.ee\/fi\/wp-json\/wp\/v2\/pages"}],"about":[{"href":"https:\/\/roccahotels.ee\/fi\/wp-json\/wp\/v2\/types\/page"}],"author":[{"embeddable":true,"href":"https:\/\/roccahotels.ee\/fi\/wp-json\/wp\/v2\/users\/4"}],"replies":[{"embeddable":true,"href":"https:\/\/roccahotels.ee\/fi\/wp-json\/wp\/v2\/comments?post=2039"}],"version-history":[{"count":1,"href":"https:\/\/roccahotels.ee\/fi\/wp-json\/wp\/v2\/pages\/2039\/revisions"}],"predecessor-version":[{"id":2134,"href":"https:\/\/roccahotels.ee\/fi\/wp-json\/wp\/v2\/pages\/2039\/revisions\/2134"}],"wp:attachment":[{"href":"https:\/\/roccahotels.ee\/fi\/wp-json\/wp\/v2\/media?parent=2039"}],"curies":[{"name":"wp","href":"https:\/\/api.w.org\/{rel}","templated":true}]}}