{"id":2030,"date":"2025-05-13T13:34:08","date_gmt":"2025-05-13T13:34:08","guid":{"rendered":"https:\/\/roccahotels.ee\/privaatsaun\/"},"modified":"2025-06-27T11:34:38","modified_gmt":"2025-06-27T11:34:38","slug":"privaatsaun","status":"publish","type":"page","link":"https:\/\/roccahotels.ee\/fi\/privaatsaun\/","title":{"rendered":"YKSITYISSAUNA"},"content":{"rendered":"<div class=\"wp-block-cover alignfull is-light has-parallax has-custom-content-position is-position-bottom-right\"><div class=\"wp-block-cover__image-background wp-image-1558 size-full has-parallax\" style=\"background-position:50% 50%;background-image:url(https:\/\/roccahotels.ee\/wp-content\/uploads\/2025\/04\/Rocca_al_Mare_Hotell_pool.jpg)\"><\/div><span aria-hidden=\"true\" class=\"wp-block-cover__background has-background-dim-10 has-background-dim\" style=\"background-color:#828e69\"><\/span><div class=\"wp-block-cover__inner-container is-layout-flow wp-block-cover-is-layout-flow\"><p class=\"has-text-align-center has-white-color has-text-color has-link-color has-large-font-size wp-elements-bfe7fdd42cff9efd0ad9883f29003bf8\">YKSITYISSAUNA<\/p><\/div><\/div><div style=\"height:15px\" aria-hidden=\"true\" class=\"wp-block-spacer\"><\/div><div class=\"wp-block-edhotels-advanced-text-image alignfull rbc-is-hidden-on-tablet rbc-is-hidden-on-mobile\" style=\"padding-top:0;padding-right:0;padding-bottom:0;padding-left:0;min-height:533px\"><div class=\"text-image\"><div class=\"image\" style=\"width:80%;right:20%\"><img loading=\"lazy\" decoding=\"async\" width=\"2560\" height=\"1920\" src=\"https:\/\/roccahotels.ee\/wp-content\/uploads\/2025\/05\/Rocca_al_Mare_Sauna-scaled.jpg\" class=\"wp-image-1739\" style=\"object-position:50% 50%\" srcset=\"https:\/\/roccahotels.ee\/wp-content\/uploads\/2025\/05\/Rocca_al_Mare_Sauna-scaled.jpg 2560w, https:\/\/roccahotels.ee\/wp-content\/uploads\/2025\/05\/Rocca_al_Mare_Sauna-300x225.jpg 300w, https:\/\/roccahotels.ee\/wp-content\/uploads\/2025\/05\/Rocca_al_Mare_Sauna-1024x768.jpg 1024w, https:\/\/roccahotels.ee\/wp-content\/uploads\/2025\/05\/Rocca_al_Mare_Sauna-768x576.jpg 768w, https:\/\/roccahotels.ee\/wp-content\/uploads\/2025\/05\/Rocca_al_Mare_Sauna-1536x1152.jpg 1536w, https:\/\/roccahotels.ee\/wp-content\/uploads\/2025\/05\/Rocca_al_Mare_Sauna-2048x1536.jpg 2048w, https:\/\/roccahotels.ee\/wp-content\/uploads\/2025\/05\/Rocca_al_Mare_Sauna-1568x1176.jpg 1568w\" sizes=\"auto, (max-width: 2560px) 100vw, 2560px\" \/><div class=\"overlay\" style=\"background-color:#ffffff14\"><\/div><\/div><div class=\"content right middle\"><div class=\"inner-content\" style=\"width:41%\"><div style=\"border:3px dotted #ac906c\" class=\"align\"><h2 class=\"wp-block-heading has-text-align-center has-border has-white-background-color has-background\" style=\"padding-top:20px;padding-right:20px;padding-bottom:20px;padding-left:20px;font-size:17px\">Halutessasi koko <strong><span class=\"first-phrase\">saunakompleksi<\/span><\/strong> voi vuokrata my\u00f6s yksityisk\u00e4ytt\u00f6\u00f6n. K\u00e4yt\u00f6ss\u00e4si on suuri suomalainen sauna, 15-metrinen uima-allas sek\u00e4 tilava oleskelutila, jossa voit nauttia pient\u00e4 purtavaa, juomia ja viett\u00e4\u00e4 laatuaikaa yst\u00e4vien kanssa. Kompleksin kokonaispinta-ala on 160 m\u00b2, ja vuokra-aikana se on t\u00e4ysin k\u00e4yt\u00f6ss\u00e4si.<\/h2><\/div><\/div><\/div><\/div><\/div><div class=\"wp-block-columns alignwide are-vertically-aligned-center is-layout-flex wp-container-core-columns-is-layout-230aa1ab wp-block-columns-is-layout-flex rbc-is-hidden-on-wide rbc-is-hidden-on-desktop\" style=\"padding-top:var(--wp--preset--spacing--40);padding-right:var(--wp--preset--spacing--40);padding-bottom:var(--wp--preset--spacing--40);padding-left:var(--wp--preset--spacing--40)\"><div class=\"wp-block-column is-vertically-aligned-center is-layout-flow wp-block-column-is-layout-flow\" style=\"flex-basis:33.33%\"><div style=\"border:3px dotted #ac906c\" class=\"align\"><div class=\"wp-block-group has-border is-layout-constrained wp-container-core-group-is-layout-401c758f wp-block-group-is-layout-constrained\"><p class=\"has-text-align-center has-border has-white-background-color has-background\" style=\"padding-top:20px;padding-right:20px;padding-bottom:20px;padding-left:20px;font-size:20px\">Halutessasi koko <strong><span class=\"first-phrase\">saunakompleksi<\/span><\/strong> voi vuokrata my\u00f6s yksityisk\u00e4ytt\u00f6\u00f6n. K\u00e4yt\u00f6ss\u00e4si on suuri suomalainen sauna, 15-metrinen uima-allas sek\u00e4 tilava oleskelutila, jossa voit nauttia pient\u00e4 purtavaa, juomia ja viett\u00e4\u00e4 laatuaikaa yst\u00e4vien kanssa. Kompleksin kokonaispinta-ala on 160 m\u00b2, ja vuokra-aikana se on t\u00e4ysin k\u00e4yt\u00f6ss\u00e4si.<\/p><\/div><\/div><\/div>\n\n<div class=\"wp-block-column is-vertically-aligned-center is-layout-flow wp-block-column-is-layout-flow\" style=\"flex-basis:66.67%\"><figure class=\"wp-block-image size-full is-resized\"><img loading=\"lazy\" decoding=\"async\" width=\"2560\" height=\"1920\" src=\"https:\/\/roccahotels.ee\/wp-content\/uploads\/2025\/05\/Rocca_al_Mare_Sauna-scaled.jpg\" alt=\"\" class=\"wp-image-1739\" style=\"width:594px;height:auto\" srcset=\"https:\/\/roccahotels.ee\/wp-content\/uploads\/2025\/05\/Rocca_al_Mare_Sauna-scaled.jpg 2560w, https:\/\/roccahotels.ee\/wp-content\/uploads\/2025\/05\/Rocca_al_Mare_Sauna-300x225.jpg 300w, https:\/\/roccahotels.ee\/wp-content\/uploads\/2025\/05\/Rocca_al_Mare_Sauna-1024x768.jpg 1024w, https:\/\/roccahotels.ee\/wp-content\/uploads\/2025\/05\/Rocca_al_Mare_Sauna-768x576.jpg 768w, https:\/\/roccahotels.ee\/wp-content\/uploads\/2025\/05\/Rocca_al_Mare_Sauna-1536x1152.jpg 1536w, https:\/\/roccahotels.ee\/wp-content\/uploads\/2025\/05\/Rocca_al_Mare_Sauna-2048x1536.jpg 2048w, https:\/\/roccahotels.ee\/wp-content\/uploads\/2025\/05\/Rocca_al_Mare_Sauna-1568x1176.jpg 1568w\" sizes=\"auto, (max-width: 2560px) 100vw, 2560px\" \/><\/figure><\/div><\/div><div style=\"height:15px\" aria-hidden=\"true\" class=\"wp-block-spacer\"><\/div><div style=\"border:5px double #ac906c\" class=\"align\"><div class=\"wp-block-group has-border is-layout-constrained wp-container-core-group-is-layout-fba1380d wp-block-group-is-layout-constrained\" style=\"padding-top:var(--wp--preset--spacing--60);padding-right:var(--wp--preset--spacing--50);padding-bottom:var(--wp--preset--spacing--60);padding-left:var(--wp--preset--spacing--50)\"><h2 class=\"wp-block-heading has-medium-font-size\">Sauna on avoinna vain ennakkovarauksella. Varausta varten pyyd\u00e4mme kirjoittamaan s\u00e4hk\u00f6postiosoitteeseen <a href=\"mailto:sales@roccahotels.ee\">sales@roccahotels.ee<\/a> v\u00f5i helistada numbril <a href=\"tel:3725161067\">+372 516 1067<\/a>. Varaus on teht\u00e4v\u00e4 v\u00e4hint\u00e4\u00e4n 24 tuntia etuk\u00e4teen. Vahvistusta varten vaaditaan 100 % ennakkomaksu, joka ei ole palautettavissa. Lis\u00e4ksi pyydet\u00e4\u00e4n 150 euron takuumaksu kaluston k\u00e4yt\u00f6st\u00e4, joka palautetaan tilojen luovutuksen j\u00e4lkeen, edellytt\u00e4en, ett\u00e4 kalusto on ehj\u00e4 ja kunnossa.<\/h2>\n\n<p class=\"has-medium-font-size\"><\/p>\n\n<figure class=\"wp-block-table\"><table class=\"has-fixed-layout\"><thead><tr><th>Henkil\u00f6m\u00e4\u00e4r\u00e4<\/th><th class=\"has-text-align-center\" data-align=\"center\">1,5 h<\/th><th class=\"has-text-align-center\" data-align=\"center\">2 h<\/th><th class=\"has-text-align-center\" data-align=\"center\">3 h<\/th><th class=\"has-text-align-center\" data-align=\"center\">4 h<\/th><\/tr><\/thead><tbody><tr><td>1\u20133 henkil\u00f6\u00e4<\/td><td class=\"has-text-align-center\" data-align=\"center\">80 \u20ac<\/td><td class=\"has-text-align-center\" data-align=\"center\">95 \u20ac<\/td><td class=\"has-text-align-center\" data-align=\"center\">119 \u20ac<\/td><td class=\"has-text-align-center\" data-align=\"center\">149 \u20ac<\/td><\/tr><tr><td>4\u20136 henkil\u00f6\u00e4<\/td><td class=\"has-text-align-center\" data-align=\"center\">119 \u20ac<\/td><td class=\"has-text-align-center\" data-align=\"center\">139 \u20ac<\/td><td class=\"has-text-align-center\" data-align=\"center\">179 \u20ac<\/td><td class=\"has-text-align-center\" data-align=\"center\">219 \u20ac<\/td><\/tr><tr><td>7\u201310 henkil\u00f6\u00e4<\/td><td class=\"has-text-align-center\" data-align=\"center\">\u2013<\/td><td class=\"has-text-align-center\" data-align=\"center\">189 \u20ac<\/td><td class=\"has-text-align-center\" data-align=\"center\">249 \u20ac<\/td><td class=\"has-text-align-center\" data-align=\"center\">289 \u20ac<\/td><\/tr><tr><td>11\u201315 henkil\u00f6\u00e4<\/td><td class=\"has-text-align-center\" data-align=\"center\">\u2013<\/td><td class=\"has-text-align-center\" data-align=\"center\">249 \u20ac<\/td><td class=\"has-text-align-center\" data-align=\"center\">319 \u20ac<\/td><td class=\"has-text-align-center\" data-align=\"center\">349 \u20ac<\/td><\/tr><tr><td>16\u201322 henkil\u00f6\u00e4<\/td><td class=\"has-text-align-center\" data-align=\"center\">\u2013<\/td><td class=\"has-text-align-center\" data-align=\"center\">Pyyd\u00e4 tarjous<\/td><\/tr><\/tbody><\/table><\/figure>\n\n<p class=\"has-medium-font-size\"><\/p><\/div><\/div><div style=\"height:15px\" aria-hidden=\"true\" class=\"wp-block-spacer\"><\/div>","protected":false},"excerpt":{"rendered":"<p>Halutessasi koko saunakompleksi voi vuokrata my\u00f6s yksityisk\u00e4ytt\u00f6\u00f6n. K\u00e4yt\u00f6ss\u00e4si on suuri suomalainen sauna, 15-metrinen uima-allas sek\u00e4 tilava oleskelutila, jossa voit nauttia pient\u00e4 purtavaa, juomia ja viett\u00e4\u00e4 laatuaikaa yst\u00e4vien kanssa. Kompleksin kokonaispinta-ala on 160 m\u00b2, ja vuokra-aikana se on t\u00e4ysin k\u00e4yt\u00f6ss\u00e4si. Sauna on avoinna vain ennakkovarauksella. Varausta varten pyyd\u00e4mme kirjoittamaan s\u00e4hk\u00f6postiosoitteeseen sales@roccahotels.ee v\u00f5i helistada numbril +372 516 [&hellip;]<\/p>\n","protected":false},"author":4,"featured_media":0,"parent":0,"menu_order":0,"comment_status":"closed","ping_status":"closed","template":"","meta":{"footnotes":""},"class_list":["post-2030","page","type-page","status-publish","hentry"],"yoast_head":"<!-- This site is optimized with the Yoast SEO plugin v27.1.1 - https:\/\/yoast.com\/product\/yoast-seo-wordpress\/ -->\n<title>YKSITYISSAUNA - Rocca al Mare Hotel<\/title>\n<meta name=\"robots\" content=\"index, follow, max-snippet:-1, max-image-preview:large, max-video-preview:-1\" \/>\n<link rel=\"canonical\" href=\"https:\/\/roccahotels.ee\/fi\/privaatsaun\/\" \/>\n<meta property=\"og:locale\" content=\"fi_FI\" \/>\n<meta property=\"og:type\" content=\"article\" \/>\n<meta property=\"og:title\" content=\"YKSITYISSAUNA - Rocca al Mare Hotel\" \/>\n<meta property=\"og:description\" content=\"Halutessasi koko saunakompleksi voi vuokrata my\u00f6s yksityisk\u00e4ytt\u00f6\u00f6n. K\u00e4yt\u00f6ss\u00e4si on suuri suomalainen sauna, 15-metrinen uima-allas sek\u00e4 tilava oleskelutila, jossa voit nauttia pient\u00e4 purtavaa, juomia ja viett\u00e4\u00e4 laatuaikaa yst\u00e4vien kanssa. Kompleksin kokonaispinta-ala on 160 m\u00b2, ja vuokra-aikana se on t\u00e4ysin k\u00e4yt\u00f6ss\u00e4si. Sauna on avoinna vain ennakkovarauksella. Varausta varten pyyd\u00e4mme kirjoittamaan s\u00e4hk\u00f6postiosoitteeseen sales@roccahotels.ee v\u00f5i helistada numbril +372 516 [&hellip;]\" \/>\n<meta property=\"og:url\" content=\"https:\/\/roccahotels.ee\/fi\/privaatsaun\/\" \/>\n<meta property=\"og:site_name\" content=\"Rocca al Mare Hotel\" \/>\n<meta property=\"article:publisher\" content=\"https:\/\/www.facebook.com\/RoccaAlMareHotell\" \/>\n<meta property=\"article:modified_time\" content=\"2025-06-27T11:34:38+00:00\" \/>\n<meta property=\"og:image\" content=\"https:\/\/roccahotels.ee\/wp-content\/uploads\/2025\/05\/Rocca_al_Mare_Sauna-scaled.jpg\" \/>\n<meta name=\"twitter:card\" content=\"summary_large_image\" \/>\n<meta name=\"twitter:label1\" content=\"Arvioitu lukuaika\" \/>\n\t<meta name=\"twitter:data1\" content=\"1 minuutti\" \/>\n<script type=\"application\/ld+json\" class=\"yoast-schema-graph\">{\"@context\":\"https:\/\/schema.org\",\"@graph\":[{\"@type\":\"WebPage\",\"@id\":\"https:\/\/roccahotels.ee\/fi\/privaatsaun\/\",\"url\":\"https:\/\/roccahotels.ee\/fi\/privaatsaun\/\",\"name\":\"YKSITYISSAUNA - Rocca al Mare Hotel\",\"isPartOf\":{\"@id\":\"https:\/\/roccahotels.ee\/#website\"},\"primaryImageOfPage\":{\"@id\":\"https:\/\/roccahotels.ee\/fi\/privaatsaun\/#primaryimage\"},\"image\":{\"@id\":\"https:\/\/roccahotels.ee\/fi\/privaatsaun\/#primaryimage\"},\"thumbnailUrl\":\"https:\/\/roccahotels.ee\/wp-content\/uploads\/2025\/05\/Rocca_al_Mare_Sauna-scaled.jpg\",\"datePublished\":\"2025-05-13T13:34:08+00:00\",\"dateModified\":\"2025-06-27T11:34:38+00:00\",\"breadcrumb\":{\"@id\":\"https:\/\/roccahotels.ee\/fi\/privaatsaun\/#breadcrumb\"},\"inLanguage\":\"fi\",\"potentialAction\":[{\"@type\":\"ReadAction\",\"target\":[\"https:\/\/roccahotels.ee\/fi\/privaatsaun\/\"]}]},{\"@type\":\"ImageObject\",\"inLanguage\":\"fi\",\"@id\":\"https:\/\/roccahotels.ee\/fi\/privaatsaun\/#primaryimage\",\"url\":\"https:\/\/roccahotels.ee\/wp-content\/uploads\/2025\/05\/Rocca_al_Mare_Sauna-scaled.jpg\",\"contentUrl\":\"https:\/\/roccahotels.ee\/wp-content\/uploads\/2025\/05\/Rocca_al_Mare_Sauna-scaled.jpg\"},{\"@type\":\"BreadcrumbList\",\"@id\":\"https:\/\/roccahotels.ee\/fi\/privaatsaun\/#breadcrumb\",\"itemListElement\":[{\"@type\":\"ListItem\",\"position\":1,\"name\":\"Home\",\"item\":\"https:\/\/roccahotels.ee\/fi\/\"},{\"@type\":\"ListItem\",\"position\":2,\"name\":\"YKSITYISSAUNA\"}]},{\"@type\":\"WebSite\",\"@id\":\"https:\/\/roccahotels.ee\/#website\",\"url\":\"https:\/\/roccahotels.ee\/\",\"name\":\"Rocca al Mare Hotel\",\"description\":\"Rocca al Mare hotell panoraamvaatega Tallinna lahele\",\"publisher\":{\"@id\":\"https:\/\/roccahotels.ee\/#organization\"},\"alternateName\":\"Rocca al Mare Hotel\",\"potentialAction\":[{\"@type\":\"SearchAction\",\"target\":{\"@type\":\"EntryPoint\",\"urlTemplate\":\"https:\/\/roccahotels.ee\/?s={search_term_string}\"},\"query-input\":{\"@type\":\"PropertyValueSpecification\",\"valueRequired\":true,\"valueName\":\"search_term_string\"}}],\"inLanguage\":\"fi\"},{\"@type\":\"Organization\",\"@id\":\"https:\/\/roccahotels.ee\/#organization\",\"name\":\"Rocca al Mare Hotel\",\"url\":\"https:\/\/roccahotels.ee\/\",\"logo\":{\"@type\":\"ImageObject\",\"inLanguage\":\"fi\",\"@id\":\"https:\/\/roccahotels.ee\/#\/schema\/logo\/image\/\",\"url\":\"https:\/\/roccahotels.ee\/wp-content\/uploads\/2025\/07\/Rocca-al-Mare-HOTEL-RESTAURANT-250-x-100-px.svg\",\"contentUrl\":\"https:\/\/roccahotels.ee\/wp-content\/uploads\/2025\/07\/Rocca-al-Mare-HOTEL-RESTAURANT-250-x-100-px.svg\",\"width\":187,\"height\":74,\"caption\":\"Rocca al Mare Hotel\"},\"image\":{\"@id\":\"https:\/\/roccahotels.ee\/#\/schema\/logo\/image\/\"},\"sameAs\":[\"https:\/\/www.facebook.com\/RoccaAlMareHotell\"]}]}<\/script>\n<!-- \/ Yoast SEO plugin. -->","yoast_head_json":{"title":"YKSITYISSAUNA - Rocca al Mare Hotel","robots":{"index":"index","follow":"follow","max-snippet":"max-snippet:-1","max-image-preview":"max-image-preview:large","max-video-preview":"max-video-preview:-1"},"canonical":"https:\/\/roccahotels.ee\/fi\/privaatsaun\/","og_locale":"fi_FI","og_type":"article","og_title":"YKSITYISSAUNA - Rocca al Mare Hotel","og_description":"Halutessasi koko saunakompleksi voi vuokrata my\u00f6s yksityisk\u00e4ytt\u00f6\u00f6n. K\u00e4yt\u00f6ss\u00e4si on suuri suomalainen sauna, 15-metrinen uima-allas sek\u00e4 tilava oleskelutila, jossa voit nauttia pient\u00e4 purtavaa, juomia ja viett\u00e4\u00e4 laatuaikaa yst\u00e4vien kanssa. Kompleksin kokonaispinta-ala on 160 m\u00b2, ja vuokra-aikana se on t\u00e4ysin k\u00e4yt\u00f6ss\u00e4si. Sauna on avoinna vain ennakkovarauksella. Varausta varten pyyd\u00e4mme kirjoittamaan s\u00e4hk\u00f6postiosoitteeseen sales@roccahotels.ee v\u00f5i helistada numbril +372 516 [&hellip;]","og_url":"https:\/\/roccahotels.ee\/fi\/privaatsaun\/","og_site_name":"Rocca al Mare Hotel","article_publisher":"https:\/\/www.facebook.com\/RoccaAlMareHotell","article_modified_time":"2025-06-27T11:34:38+00:00","og_image":[{"url":"https:\/\/roccahotels.ee\/wp-content\/uploads\/2025\/05\/Rocca_al_Mare_Sauna-scaled.jpg","type":"","width":"","height":""}],"twitter_card":"summary_large_image","twitter_misc":{"Arvioitu lukuaika":"1 minuutti"},"schema":{"@context":"https:\/\/schema.org","@graph":[{"@type":"WebPage","@id":"https:\/\/roccahotels.ee\/fi\/privaatsaun\/","url":"https:\/\/roccahotels.ee\/fi\/privaatsaun\/","name":"YKSITYISSAUNA - Rocca al Mare Hotel","isPartOf":{"@id":"https:\/\/roccahotels.ee\/#website"},"primaryImageOfPage":{"@id":"https:\/\/roccahotels.ee\/fi\/privaatsaun\/#primaryimage"},"image":{"@id":"https:\/\/roccahotels.ee\/fi\/privaatsaun\/#primaryimage"},"thumbnailUrl":"https:\/\/roccahotels.ee\/wp-content\/uploads\/2025\/05\/Rocca_al_Mare_Sauna-scaled.jpg","datePublished":"2025-05-13T13:34:08+00:00","dateModified":"2025-06-27T11:34:38+00:00","breadcrumb":{"@id":"https:\/\/roccahotels.ee\/fi\/privaatsaun\/#breadcrumb"},"inLanguage":"fi","potentialAction":[{"@type":"ReadAction","target":["https:\/\/roccahotels.ee\/fi\/privaatsaun\/"]}]},{"@type":"ImageObject","inLanguage":"fi","@id":"https:\/\/roccahotels.ee\/fi\/privaatsaun\/#primaryimage","url":"https:\/\/roccahotels.ee\/wp-content\/uploads\/2025\/05\/Rocca_al_Mare_Sauna-scaled.jpg","contentUrl":"https:\/\/roccahotels.ee\/wp-content\/uploads\/2025\/05\/Rocca_al_Mare_Sauna-scaled.jpg"},{"@type":"BreadcrumbList","@id":"https:\/\/roccahotels.ee\/fi\/privaatsaun\/#breadcrumb","itemListElement":[{"@type":"ListItem","position":1,"name":"Home","item":"https:\/\/roccahotels.ee\/fi\/"},{"@type":"ListItem","position":2,"name":"YKSITYISSAUNA"}]},{"@type":"WebSite","@id":"https:\/\/roccahotels.ee\/#website","url":"https:\/\/roccahotels.ee\/","name":"Rocca al Mare Hotel","description":"Rocca al Mare hotell panoraamvaatega Tallinna lahele","publisher":{"@id":"https:\/\/roccahotels.ee\/#organization"},"alternateName":"Rocca al Mare Hotel","potentialAction":[{"@type":"SearchAction","target":{"@type":"EntryPoint","urlTemplate":"https:\/\/roccahotels.ee\/?s={search_term_string}"},"query-input":{"@type":"PropertyValueSpecification","valueRequired":true,"valueName":"search_term_string"}}],"inLanguage":"fi"},{"@type":"Organization","@id":"https:\/\/roccahotels.ee\/#organization","name":"Rocca al Mare Hotel","url":"https:\/\/roccahotels.ee\/","logo":{"@type":"ImageObject","inLanguage":"fi","@id":"https:\/\/roccahotels.ee\/#\/schema\/logo\/image\/","url":"https:\/\/roccahotels.ee\/wp-content\/uploads\/2025\/07\/Rocca-al-Mare-HOTEL-RESTAURANT-250-x-100-px.svg","contentUrl":"https:\/\/roccahotels.ee\/wp-content\/uploads\/2025\/07\/Rocca-al-Mare-HOTEL-RESTAURANT-250-x-100-px.svg","width":187,"height":74,"caption":"Rocca al Mare Hotel"},"image":{"@id":"https:\/\/roccahotels.ee\/#\/schema\/logo\/image\/"},"sameAs":["https:\/\/www.facebook.com\/RoccaAlMareHotell"]}]}},"_links":{"self":[{"href":"https:\/\/roccahotels.ee\/fi\/wp-json\/wp\/v2\/pages\/2030","targetHints":{"allow":["GET"]}}],"collection":[{"href":"https:\/\/roccahotels.ee\/fi\/wp-json\/wp\/v2\/pages"}],"about":[{"href":"https:\/\/roccahotels.ee\/fi\/wp-json\/wp\/v2\/types\/page"}],"author":[{"embeddable":true,"href":"https:\/\/roccahotels.ee\/fi\/wp-json\/wp\/v2\/users\/4"}],"replies":[{"embeddable":true,"href":"https:\/\/roccahotels.ee\/fi\/wp-json\/wp\/v2\/comments?post=2030"}],"version-history":[{"count":2,"href":"https:\/\/roccahotels.ee\/fi\/wp-json\/wp\/v2\/pages\/2030\/revisions"}],"predecessor-version":[{"id":2127,"href":"https:\/\/roccahotels.ee\/fi\/wp-json\/wp\/v2\/pages\/2030\/revisions\/2127"}],"wp:attachment":[{"href":"https:\/\/roccahotels.ee\/fi\/wp-json\/wp\/v2\/media?parent=2030"}],"curies":[{"name":"wp","href":"https:\/\/api.w.org\/{rel}","templated":true}]}}