{"id":2024,"date":"2025-05-29T18:19:57","date_gmt":"2025-05-29T18:19:57","guid":{"rendered":"https:\/\/roccahotels.ee\/laste-sunnipaevad\/"},"modified":"2025-07-03T08:34:01","modified_gmt":"2025-07-03T08:34:01","slug":"lasten-syntymapaivat","status":"publish","type":"page","link":"https:\/\/roccahotels.ee\/fi\/lasten-syntymapaivat\/","title":{"rendered":"LASTEN SYNTYM\u00c4P\u00c4IV\u00c4T"},"content":{"rendered":"<div class=\"wp-block-cover alignfull is-light has-custom-content-position is-position-bottom-right\" style=\"min-height:460px;aspect-ratio:unset;\"><img loading=\"lazy\" decoding=\"async\" width=\"2000\" height=\"1333\" class=\"wp-block-cover__image-background wp-image-1949 size-full\" alt=\"\" src=\"https:\/\/roccahotels.ee\/wp-content\/uploads\/2025\/06\/detskij-den-rozhdeniya-v-rocca-al-mare-hotel.jpg\" data-object-fit=\"cover\" srcset=\"https:\/\/roccahotels.ee\/wp-content\/uploads\/2025\/06\/detskij-den-rozhdeniya-v-rocca-al-mare-hotel.jpg 2000w, https:\/\/roccahotels.ee\/wp-content\/uploads\/2025\/06\/detskij-den-rozhdeniya-v-rocca-al-mare-hotel-300x200.jpg 300w, https:\/\/roccahotels.ee\/wp-content\/uploads\/2025\/06\/detskij-den-rozhdeniya-v-rocca-al-mare-hotel-1024x682.jpg 1024w, https:\/\/roccahotels.ee\/wp-content\/uploads\/2025\/06\/detskij-den-rozhdeniya-v-rocca-al-mare-hotel-768x512.jpg 768w, https:\/\/roccahotels.ee\/wp-content\/uploads\/2025\/06\/detskij-den-rozhdeniya-v-rocca-al-mare-hotel-1536x1024.jpg 1536w, https:\/\/roccahotels.ee\/wp-content\/uploads\/2025\/06\/detskij-den-rozhdeniya-v-rocca-al-mare-hotel-1568x1045.jpg 1568w\" sizes=\"auto, (max-width: 2000px) 100vw, 2000px\" \/><span aria-hidden=\"true\" class=\"wp-block-cover__background has-background-dim-0 has-background-dim\"><\/span><div class=\"wp-block-cover__inner-container is-layout-flow wp-block-cover-is-layout-flow\"><h1 class=\"wp-block-heading has-white-color has-text-color has-link-color wp-elements-eae57269a07afc0b9d416aef72b0ccf0\">LASTEN SYNTYM\u00c4P\u00c4IV\u00c4T<\/h1><\/div><\/div><div style=\"border:5px double #ac906c\" class=\"alignwide\"><div class=\"wp-block-group alignwide has-border is-layout-constrained wp-container-core-group-is-layout-bc598dfc wp-block-group-is-layout-constrained\" style=\"padding-top:var(--wp--preset--spacing--60);padding-right:var(--wp--preset--spacing--50);padding-bottom:var(--wp--preset--spacing--60);padding-left:var(--wp--preset--spacing--50)\"><div class=\"wp-block-columns are-vertically-aligned-center is-layout-flex wp-container-core-columns-is-layout-28f84493 wp-block-columns-is-layout-flex\"><div class=\"wp-block-column is-vertically-aligned-center is-layout-flow wp-block-column-is-layout-flow\"><h2 class=\"wp-block-heading\"><strong>Lasten syntym\u00e4p\u00e4iv\u00e4 uima-altaalla Rocca al Mare -hotellissa<\/strong><\/h2>\n\n<p style=\"font-size:18px\">Jos haluat tarjota lapsellesi jotain erityist\u00e4 ja ikimuistoista, Rocca al Mare -hotellin vesipuisto on ihanteellinen paikka syntym\u00e4p\u00e4iv\u00e4juhlan viettoon. Se on loistava vaihtoehto perinteisille leikkihuoneille \u2013 meill\u00e4 syntym\u00e4p\u00e4iv\u00e4 sujuu aktiivisesti, hauskasti ja rentouttavasti.<\/p>\n\n<p style=\"font-size:26px\"><strong>Paketti sis\u00e4lt\u00e4\u00e4 kahden tunnin yksityisk\u00e4yt\u00f6n koko terveyskeskukseen sek\u00e4 tarjoilun.<\/strong> <\/p>\n\n<p style=\"font-size:18px\">K\u00e4yt\u00f6ss\u00e4nne on tilava suomalainen sauna, 15-metrinen uima-allas, poreamme ja viihtyis\u00e4 juhlatila. Koko 160 m\u00b2 vesipuisto on tuona aikana yksinomaan teid\u00e4n juhlav\u00e4ellenne.<\/p>\n\n<p style=\"font-size:18px\"><strong>Syntym\u00e4p\u00e4iv\u00e4paketin hinta on 250 euroa.<\/strong> T\u00e4m\u00e4 hinta koskee my\u00f6s tilanteita, joissa osallistujia on v\u00e4hemm\u00e4n. <strong>Jokainen lis\u00e4tunti maksaa 55 euroa.<\/strong> Jos osallistujia on yli 12 lasta, lis\u00e4maksu on 20 euroa per lapsi. Kolmannesta aikuisesta l\u00e4htien osallistumismaksu on 10 euroa henkil\u00f6\u00e4 kohden, riippumatta siit\u00e4, k\u00e4ytt\u00e4\u00e4k\u00f6 vesipuiston palveluita vai ei. <strong>Jos haluat tuoda oman ruoan tai juoman, palvelumaksu on 40 euroa. <\/strong>Osallistujien m\u00e4\u00e4r\u00e4 tulee ilmoittaa varmasti ennen tapahtumaa.<\/p>\n\n<ul class=\"wp-block-list\"><li class=\"has-medium-font-size\">Juhla on tarkoitettu enint\u00e4\u00e4n 12 alle 16-vuotiaalle lapselle ja kahdelle aikuiselle. <\/li>\n\n<li class=\"has-medium-font-size\">Saunan oleskelutilassa odottaa syntym\u00e4p\u00e4iv\u00e4tarjoilu, jonka kattamme valikoimalla herkullisia suupaloja ja kahta hotellimme k\u00e4sity\u00f6piirakkaa. <\/li>\n\n<li class=\"has-medium-font-size\">Tarjoilup\u00f6yt\u00e4 sis\u00e4lt\u00e4\u00e4 lapsiyst\u00e4v\u00e4llisi\u00e4 ja maukkaita suupaloja. Menussa on grillimakkaroita ja rapeita ranskalaisia, joiden kanssa tarjoamme tuoreita tomaatti- ja kurkkusiivuja miedon dippikastikkeen kera. <\/li>\n\n<li class=\"has-medium-font-size\">Juomaksi on raikasta puolukkamehua ja makeaksi herkkupalaksi mini-j\u00e4\u00e4tel\u00f6cocktaileja.<\/li><\/ul>\n\n<p style=\"font-size:18px\">Juhlap\u00f6yd\u00e4n syd\u00e4n on valikoima rakastamiamme k\u00e4sity\u00f6piirakoita, jotka valmistetaan paikan p\u00e4\u00e4ll\u00e4 kotimaisista resepteist\u00e4 luonnollisista raaka-aineista. Varatessasi valitse yksi suolainen ja yksi makea piirakka. <\/p>\n\n<p style=\"font-size:18px\"><strong>Suolaisten piirakoiden valikoima:<\/strong><br>\u2013 Peruna- ja sienit\u00e4ytteinen piirakka<br>\u2013 Kana- ja mustapluumupiirakka<br>\u2013 Lohi-, pinaatti- ja juustopiirakka<br>\u2013 Pinaatti- ja juustopiirakka<br>\u2013 Kasvis- ja juustopiirakka<br>\u2013 Kaalipiirakka<br>\u2013 Vihre\u00e4sipuli- ja munapiirakka<br>\u2013 Turska- ja savulohit\u00e4ytteinen piirakka<br>\u2013 Porkkanapiirakka<\/p>\n\n<p style=\"font-size:18px\"><strong>Makeiden piirakoiden valikoima:<\/strong><br>\u2013 Omena- ja puolukkat\u00e4ytteinen piirakka<br>\u2013 Kirsikkapiirakka<br>\u2013 Saksanp\u00e4hkin\u00e4n ja rusinoiden piirakka<br>\u2013 Sitruunat\u00e4ytteinen piirakka<br>\u2013 Mandariinipiirakka<\/p>\n\n<p style=\"font-size:18px\">Syntym\u00e4p\u00e4iv\u00e4juhla kest\u00e4\u00e4 klo 10:00\u201316:00.<\/p>\n\n<p style=\"font-size:18px\">Vahvista varaus maksamalla 100 % ennakkomaksu. Ennakkomaksu on palautuskelvoton, mutta p\u00e4iv\u00e4m\u00e4\u00e4r\u00e4\u00e4 voi tarvittaessa siirt\u00e4\u00e4.<\/p>\n\n<p style=\"font-size:18px\">Uima-altaan mitat ovat 15 metri\u00e4 pituudeltaan ja syvyydelt\u00e4\u00e4n 1,10\u20131,20 metri\u00e4.<\/p>\n\n<p style=\"font-size:18px\">Lis\u00e4kysymyksiss\u00e4 ota rohkeasti yhteytt\u00e4 numeroon <a href=\"tel:+3725161067\"><strong>+372 516 1067<\/strong><\/a> tai l\u00e4het\u00e4 s\u00e4hk\u00f6postia osoitteeseen <strong><a href=\"mailto:sales@roccahotels.ee\">sales@roccahotels.ee<\/a><\/strong>. Autamme mielell\u00e4mme!<\/p><\/div>\n\n<div class=\"wp-block-column is-vertically-aligned-center is-layout-flow wp-block-column-is-layout-flow\"><figure class=\"wp-block-image size-full\"><img loading=\"lazy\" decoding=\"async\" width=\"2560\" height=\"1709\" src=\"https:\/\/roccahotels.ee\/wp-content\/uploads\/2025\/05\/Rocca_al_Mare-Hotell_pirukad3-1-scaled.jpg\" alt=\"\" class=\"wp-image-1813\" srcset=\"https:\/\/roccahotels.ee\/wp-content\/uploads\/2025\/05\/Rocca_al_Mare-Hotell_pirukad3-1-scaled.jpg 2560w, https:\/\/roccahotels.ee\/wp-content\/uploads\/2025\/05\/Rocca_al_Mare-Hotell_pirukad3-1-300x200.jpg 300w, https:\/\/roccahotels.ee\/wp-content\/uploads\/2025\/05\/Rocca_al_Mare-Hotell_pirukad3-1-1024x683.jpg 1024w, https:\/\/roccahotels.ee\/wp-content\/uploads\/2025\/05\/Rocca_al_Mare-Hotell_pirukad3-1-768x513.jpg 768w, https:\/\/roccahotels.ee\/wp-content\/uploads\/2025\/05\/Rocca_al_Mare-Hotell_pirukad3-1-1536x1025.jpg 1536w, https:\/\/roccahotels.ee\/wp-content\/uploads\/2025\/05\/Rocca_al_Mare-Hotell_pirukad3-1-2048x1367.jpg 2048w, https:\/\/roccahotels.ee\/wp-content\/uploads\/2025\/05\/Rocca_al_Mare-Hotell_pirukad3-1-1568x1046.jpg 1568w\" sizes=\"auto, (max-width: 2560px) 100vw, 2560px\" \/><\/figure>\n\n<figure class=\"wp-block-image size-large\"><img loading=\"lazy\" decoding=\"async\" width=\"1024\" height=\"683\" src=\"https:\/\/roccahotels.ee\/wp-content\/uploads\/2025\/05\/Rocca_al_Mare-Hotell_pirukad14-1024x683.jpg\" alt=\"\" class=\"wp-image-1857\" srcset=\"https:\/\/roccahotels.ee\/wp-content\/uploads\/2025\/05\/Rocca_al_Mare-Hotell_pirukad14-1024x683.jpg 1024w, https:\/\/roccahotels.ee\/wp-content\/uploads\/2025\/05\/Rocca_al_Mare-Hotell_pirukad14-300x200.jpg 300w, https:\/\/roccahotels.ee\/wp-content\/uploads\/2025\/05\/Rocca_al_Mare-Hotell_pirukad14-768x513.jpg 768w, https:\/\/roccahotels.ee\/wp-content\/uploads\/2025\/05\/Rocca_al_Mare-Hotell_pirukad14-1536x1025.jpg 1536w, https:\/\/roccahotels.ee\/wp-content\/uploads\/2025\/05\/Rocca_al_Mare-Hotell_pirukad14-2048x1367.jpg 2048w, https:\/\/roccahotels.ee\/wp-content\/uploads\/2025\/05\/Rocca_al_Mare-Hotell_pirukad14-1568x1047.jpg 1568w\" sizes=\"auto, (max-width: 1024px) 100vw, 1024px\" \/><\/figure>\n\n<figure class=\"wp-block-image size-large\"><img loading=\"lazy\" decoding=\"async\" width=\"1024\" height=\"683\" src=\"https:\/\/roccahotels.ee\/wp-content\/uploads\/2025\/04\/Rocca_al_Mare_Hotell_bassein-1024x683.jpg\" alt=\"\" class=\"wp-image-1550\" srcset=\"https:\/\/roccahotels.ee\/wp-content\/uploads\/2025\/04\/Rocca_al_Mare_Hotell_bassein-1024x683.jpg 1024w, https:\/\/roccahotels.ee\/wp-content\/uploads\/2025\/04\/Rocca_al_Mare_Hotell_bassein-300x200.jpg 300w, https:\/\/roccahotels.ee\/wp-content\/uploads\/2025\/04\/Rocca_al_Mare_Hotell_bassein-768x512.jpg 768w, https:\/\/roccahotels.ee\/wp-content\/uploads\/2025\/04\/Rocca_al_Mare_Hotell_bassein-1536x1024.jpg 1536w, https:\/\/roccahotels.ee\/wp-content\/uploads\/2025\/04\/Rocca_al_Mare_Hotell_bassein-2048x1365.jpg 2048w, https:\/\/roccahotels.ee\/wp-content\/uploads\/2025\/04\/Rocca_al_Mare_Hotell_bassein-1568x1045.jpg 1568w\" sizes=\"auto, (max-width: 1024px) 100vw, 1024px\" \/><\/figure><\/div><\/div><\/div><\/div><div style=\"height:15px\" aria-hidden=\"true\" class=\"wp-block-spacer\"><\/div><div class=\"wp-block-webfactory-map alignfull google-map-edhotels\"><div class=\"wp-block-webfactory-map\"><iframe loading=\"lazy\" title=\"Map\" width=\"100%\" height=\"300px\" src=\"https:\/\/www.google.com\/maps\/embed\/v1\/place?q=Rocca%20al%20Mare%20hotell&amp;maptype=roadmap&amp;zoom=15&amp;key=AIzaSyDu21TpfU-MuEwU2kFMxIuyEP8nP1tAj4I\" frameborder=\"0\"><\/iframe><\/div><\/div><div style=\"height:20px\" aria-hidden=\"true\" class=\"wp-block-spacer\"><\/div><p><\/p>","protected":false},"excerpt":{"rendered":"<p>Lasten syntym\u00e4p\u00e4iv\u00e4 uima-altaalla Rocca al Mare -hotellissa Jos haluat tarjota lapsellesi jotain erityist\u00e4 ja ikimuistoista, Rocca al Mare -hotellin vesipuisto on ihanteellinen paikka syntym\u00e4p\u00e4iv\u00e4juhlan viettoon. Se on loistava vaihtoehto perinteisille leikkihuoneille \u2013 meill\u00e4 syntym\u00e4p\u00e4iv\u00e4 sujuu aktiivisesti, hauskasti ja rentouttavasti. Paketti sis\u00e4lt\u00e4\u00e4 kahden tunnin yksityisk\u00e4yt\u00f6n koko terveyskeskukseen sek\u00e4 tarjoilun. K\u00e4yt\u00f6ss\u00e4nne on tilava suomalainen sauna, 15-metrinen uima-allas, [&hellip;]<\/p>\n","protected":false},"author":4,"featured_media":0,"parent":0,"menu_order":0,"comment_status":"closed","ping_status":"closed","template":"","meta":{"footnotes":""},"class_list":["post-2024","page","type-page","status-publish","hentry"],"yoast_head":"<!-- This site is optimized with the Yoast SEO plugin v27.1.1 - https:\/\/yoast.com\/product\/yoast-seo-wordpress\/ -->\n<title>LASTEN SYNTYM\u00c4P\u00c4IV\u00c4T - Rocca al Mare Hotel<\/title>\n<meta name=\"robots\" content=\"index, follow, max-snippet:-1, max-image-preview:large, max-video-preview:-1\" \/>\n<link rel=\"canonical\" href=\"https:\/\/roccahotels.ee\/fi\/lasten-syntymapaivat\/\" \/>\n<meta property=\"og:locale\" content=\"fi_FI\" \/>\n<meta property=\"og:type\" content=\"article\" \/>\n<meta property=\"og:title\" content=\"LASTEN SYNTYM\u00c4P\u00c4IV\u00c4T - Rocca al Mare Hotel\" \/>\n<meta property=\"og:description\" content=\"Lasten syntym\u00e4p\u00e4iv\u00e4 uima-altaalla Rocca al Mare -hotellissa Jos haluat tarjota lapsellesi jotain erityist\u00e4 ja ikimuistoista, Rocca al Mare -hotellin vesipuisto on ihanteellinen paikka syntym\u00e4p\u00e4iv\u00e4juhlan viettoon. Se on loistava vaihtoehto perinteisille leikkihuoneille \u2013 meill\u00e4 syntym\u00e4p\u00e4iv\u00e4 sujuu aktiivisesti, hauskasti ja rentouttavasti. Paketti sis\u00e4lt\u00e4\u00e4 kahden tunnin yksityisk\u00e4yt\u00f6n koko terveyskeskukseen sek\u00e4 tarjoilun. K\u00e4yt\u00f6ss\u00e4nne on tilava suomalainen sauna, 15-metrinen uima-allas, [&hellip;]\" \/>\n<meta property=\"og:url\" content=\"https:\/\/roccahotels.ee\/fi\/lasten-syntymapaivat\/\" \/>\n<meta property=\"og:site_name\" content=\"Rocca al Mare Hotel\" \/>\n<meta property=\"article:publisher\" content=\"https:\/\/www.facebook.com\/RoccaAlMareHotell\" \/>\n<meta property=\"article:modified_time\" content=\"2025-07-03T08:34:01+00:00\" \/>\n<meta property=\"og:image\" content=\"https:\/\/roccahotels.ee\/wp-content\/uploads\/2025\/06\/detskij-den-rozhdeniya-v-rocca-al-mare-hotel.jpg\" \/>\n<meta name=\"twitter:card\" content=\"summary_large_image\" \/>\n<meta name=\"twitter:label1\" content=\"Arvioitu lukuaika\" \/>\n\t<meta name=\"twitter:data1\" content=\"2 minuuttia\" \/>\n<script type=\"application\/ld+json\" class=\"yoast-schema-graph\">{\"@context\":\"https:\/\/schema.org\",\"@graph\":[{\"@type\":\"WebPage\",\"@id\":\"https:\/\/roccahotels.ee\/fi\/lasten-syntymapaivat\/\",\"url\":\"https:\/\/roccahotels.ee\/fi\/lasten-syntymapaivat\/\",\"name\":\"LASTEN SYNTYM\u00c4P\u00c4IV\u00c4T - Rocca al Mare Hotel\",\"isPartOf\":{\"@id\":\"https:\/\/roccahotels.ee\/#website\"},\"primaryImageOfPage\":{\"@id\":\"https:\/\/roccahotels.ee\/fi\/lasten-syntymapaivat\/#primaryimage\"},\"image\":{\"@id\":\"https:\/\/roccahotels.ee\/fi\/lasten-syntymapaivat\/#primaryimage\"},\"thumbnailUrl\":\"https:\/\/roccahotels.ee\/wp-content\/uploads\/2025\/06\/detskij-den-rozhdeniya-v-rocca-al-mare-hotel.jpg\",\"datePublished\":\"2025-05-29T18:19:57+00:00\",\"dateModified\":\"2025-07-03T08:34:01+00:00\",\"breadcrumb\":{\"@id\":\"https:\/\/roccahotels.ee\/fi\/lasten-syntymapaivat\/#breadcrumb\"},\"inLanguage\":\"fi\",\"potentialAction\":[{\"@type\":\"ReadAction\",\"target\":[\"https:\/\/roccahotels.ee\/fi\/lasten-syntymapaivat\/\"]}]},{\"@type\":\"ImageObject\",\"inLanguage\":\"fi\",\"@id\":\"https:\/\/roccahotels.ee\/fi\/lasten-syntymapaivat\/#primaryimage\",\"url\":\"https:\/\/roccahotels.ee\/wp-content\/uploads\/2025\/06\/detskij-den-rozhdeniya-v-rocca-al-mare-hotel.jpg\",\"contentUrl\":\"https:\/\/roccahotels.ee\/wp-content\/uploads\/2025\/06\/detskij-den-rozhdeniya-v-rocca-al-mare-hotel.jpg\"},{\"@type\":\"BreadcrumbList\",\"@id\":\"https:\/\/roccahotels.ee\/fi\/lasten-syntymapaivat\/#breadcrumb\",\"itemListElement\":[{\"@type\":\"ListItem\",\"position\":1,\"name\":\"Home\",\"item\":\"https:\/\/roccahotels.ee\/fi\/\"},{\"@type\":\"ListItem\",\"position\":2,\"name\":\"LASTEN SYNTYM\u00c4P\u00c4IV\u00c4T\"}]},{\"@type\":\"WebSite\",\"@id\":\"https:\/\/roccahotels.ee\/#website\",\"url\":\"https:\/\/roccahotels.ee\/\",\"name\":\"Rocca al Mare Hotel\",\"description\":\"Rocca al Mare hotell panoraamvaatega Tallinna lahele\",\"publisher\":{\"@id\":\"https:\/\/roccahotels.ee\/#organization\"},\"alternateName\":\"Rocca al Mare Hotel\",\"potentialAction\":[{\"@type\":\"SearchAction\",\"target\":{\"@type\":\"EntryPoint\",\"urlTemplate\":\"https:\/\/roccahotels.ee\/?s={search_term_string}\"},\"query-input\":{\"@type\":\"PropertyValueSpecification\",\"valueRequired\":true,\"valueName\":\"search_term_string\"}}],\"inLanguage\":\"fi\"},{\"@type\":\"Organization\",\"@id\":\"https:\/\/roccahotels.ee\/#organization\",\"name\":\"Rocca al Mare Hotel\",\"url\":\"https:\/\/roccahotels.ee\/\",\"logo\":{\"@type\":\"ImageObject\",\"inLanguage\":\"fi\",\"@id\":\"https:\/\/roccahotels.ee\/#\/schema\/logo\/image\/\",\"url\":\"https:\/\/roccahotels.ee\/wp-content\/uploads\/2025\/07\/Rocca-al-Mare-HOTEL-RESTAURANT-250-x-100-px.svg\",\"contentUrl\":\"https:\/\/roccahotels.ee\/wp-content\/uploads\/2025\/07\/Rocca-al-Mare-HOTEL-RESTAURANT-250-x-100-px.svg\",\"width\":187,\"height\":74,\"caption\":\"Rocca al Mare Hotel\"},\"image\":{\"@id\":\"https:\/\/roccahotels.ee\/#\/schema\/logo\/image\/\"},\"sameAs\":[\"https:\/\/www.facebook.com\/RoccaAlMareHotell\"]}]}<\/script>\n<!-- \/ Yoast SEO plugin. -->","yoast_head_json":{"title":"LASTEN SYNTYM\u00c4P\u00c4IV\u00c4T - Rocca al Mare Hotel","robots":{"index":"index","follow":"follow","max-snippet":"max-snippet:-1","max-image-preview":"max-image-preview:large","max-video-preview":"max-video-preview:-1"},"canonical":"https:\/\/roccahotels.ee\/fi\/lasten-syntymapaivat\/","og_locale":"fi_FI","og_type":"article","og_title":"LASTEN SYNTYM\u00c4P\u00c4IV\u00c4T - Rocca al Mare Hotel","og_description":"Lasten syntym\u00e4p\u00e4iv\u00e4 uima-altaalla Rocca al Mare -hotellissa Jos haluat tarjota lapsellesi jotain erityist\u00e4 ja ikimuistoista, Rocca al Mare -hotellin vesipuisto on ihanteellinen paikka syntym\u00e4p\u00e4iv\u00e4juhlan viettoon. Se on loistava vaihtoehto perinteisille leikkihuoneille \u2013 meill\u00e4 syntym\u00e4p\u00e4iv\u00e4 sujuu aktiivisesti, hauskasti ja rentouttavasti. Paketti sis\u00e4lt\u00e4\u00e4 kahden tunnin yksityisk\u00e4yt\u00f6n koko terveyskeskukseen sek\u00e4 tarjoilun. K\u00e4yt\u00f6ss\u00e4nne on tilava suomalainen sauna, 15-metrinen uima-allas, [&hellip;]","og_url":"https:\/\/roccahotels.ee\/fi\/lasten-syntymapaivat\/","og_site_name":"Rocca al Mare Hotel","article_publisher":"https:\/\/www.facebook.com\/RoccaAlMareHotell","article_modified_time":"2025-07-03T08:34:01+00:00","og_image":[{"url":"https:\/\/roccahotels.ee\/wp-content\/uploads\/2025\/06\/detskij-den-rozhdeniya-v-rocca-al-mare-hotel.jpg","type":"","width":"","height":""}],"twitter_card":"summary_large_image","twitter_misc":{"Arvioitu lukuaika":"2 minuuttia"},"schema":{"@context":"https:\/\/schema.org","@graph":[{"@type":"WebPage","@id":"https:\/\/roccahotels.ee\/fi\/lasten-syntymapaivat\/","url":"https:\/\/roccahotels.ee\/fi\/lasten-syntymapaivat\/","name":"LASTEN SYNTYM\u00c4P\u00c4IV\u00c4T - Rocca al Mare Hotel","isPartOf":{"@id":"https:\/\/roccahotels.ee\/#website"},"primaryImageOfPage":{"@id":"https:\/\/roccahotels.ee\/fi\/lasten-syntymapaivat\/#primaryimage"},"image":{"@id":"https:\/\/roccahotels.ee\/fi\/lasten-syntymapaivat\/#primaryimage"},"thumbnailUrl":"https:\/\/roccahotels.ee\/wp-content\/uploads\/2025\/06\/detskij-den-rozhdeniya-v-rocca-al-mare-hotel.jpg","datePublished":"2025-05-29T18:19:57+00:00","dateModified":"2025-07-03T08:34:01+00:00","breadcrumb":{"@id":"https:\/\/roccahotels.ee\/fi\/lasten-syntymapaivat\/#breadcrumb"},"inLanguage":"fi","potentialAction":[{"@type":"ReadAction","target":["https:\/\/roccahotels.ee\/fi\/lasten-syntymapaivat\/"]}]},{"@type":"ImageObject","inLanguage":"fi","@id":"https:\/\/roccahotels.ee\/fi\/lasten-syntymapaivat\/#primaryimage","url":"https:\/\/roccahotels.ee\/wp-content\/uploads\/2025\/06\/detskij-den-rozhdeniya-v-rocca-al-mare-hotel.jpg","contentUrl":"https:\/\/roccahotels.ee\/wp-content\/uploads\/2025\/06\/detskij-den-rozhdeniya-v-rocca-al-mare-hotel.jpg"},{"@type":"BreadcrumbList","@id":"https:\/\/roccahotels.ee\/fi\/lasten-syntymapaivat\/#breadcrumb","itemListElement":[{"@type":"ListItem","position":1,"name":"Home","item":"https:\/\/roccahotels.ee\/fi\/"},{"@type":"ListItem","position":2,"name":"LASTEN SYNTYM\u00c4P\u00c4IV\u00c4T"}]},{"@type":"WebSite","@id":"https:\/\/roccahotels.ee\/#website","url":"https:\/\/roccahotels.ee\/","name":"Rocca al Mare Hotel","description":"Rocca al Mare hotell panoraamvaatega Tallinna lahele","publisher":{"@id":"https:\/\/roccahotels.ee\/#organization"},"alternateName":"Rocca al Mare Hotel","potentialAction":[{"@type":"SearchAction","target":{"@type":"EntryPoint","urlTemplate":"https:\/\/roccahotels.ee\/?s={search_term_string}"},"query-input":{"@type":"PropertyValueSpecification","valueRequired":true,"valueName":"search_term_string"}}],"inLanguage":"fi"},{"@type":"Organization","@id":"https:\/\/roccahotels.ee\/#organization","name":"Rocca al Mare Hotel","url":"https:\/\/roccahotels.ee\/","logo":{"@type":"ImageObject","inLanguage":"fi","@id":"https:\/\/roccahotels.ee\/#\/schema\/logo\/image\/","url":"https:\/\/roccahotels.ee\/wp-content\/uploads\/2025\/07\/Rocca-al-Mare-HOTEL-RESTAURANT-250-x-100-px.svg","contentUrl":"https:\/\/roccahotels.ee\/wp-content\/uploads\/2025\/07\/Rocca-al-Mare-HOTEL-RESTAURANT-250-x-100-px.svg","width":187,"height":74,"caption":"Rocca al Mare Hotel"},"image":{"@id":"https:\/\/roccahotels.ee\/#\/schema\/logo\/image\/"},"sameAs":["https:\/\/www.facebook.com\/RoccaAlMareHotell"]}]}},"_links":{"self":[{"href":"https:\/\/roccahotels.ee\/fi\/wp-json\/wp\/v2\/pages\/2024","targetHints":{"allow":["GET"]}}],"collection":[{"href":"https:\/\/roccahotels.ee\/fi\/wp-json\/wp\/v2\/pages"}],"about":[{"href":"https:\/\/roccahotels.ee\/fi\/wp-json\/wp\/v2\/types\/page"}],"author":[{"embeddable":true,"href":"https:\/\/roccahotels.ee\/fi\/wp-json\/wp\/v2\/users\/4"}],"replies":[{"embeddable":true,"href":"https:\/\/roccahotels.ee\/fi\/wp-json\/wp\/v2\/comments?post=2024"}],"version-history":[{"count":3,"href":"https:\/\/roccahotels.ee\/fi\/wp-json\/wp\/v2\/pages\/2024\/revisions"}],"predecessor-version":[{"id":2223,"href":"https:\/\/roccahotels.ee\/fi\/wp-json\/wp\/v2\/pages\/2024\/revisions\/2223"}],"wp:attachment":[{"href":"https:\/\/roccahotels.ee\/fi\/wp-json\/wp\/v2\/media?parent=2024"}],"curies":[{"name":"wp","href":"https:\/\/api.w.org\/{rel}","templated":true}]}}