{"id":2021,"date":"2025-04-02T12:15:30","date_gmt":"2025-04-02T12:15:30","guid":{"rendered":"https:\/\/roccahotels.ee\/kontaktid\/"},"modified":"2025-06-26T10:26:40","modified_gmt":"2025-06-26T10:26:40","slug":"yhteystiedot","status":"publish","type":"page","link":"https:\/\/roccahotels.ee\/fi\/yhteystiedot\/","title":{"rendered":"YHTEYSTIEDOT"},"content":{"rendered":"<div class=\"wp-block-cover alignfull is-light has-custom-content-position is-position-bottom-right\"><img loading=\"lazy\" decoding=\"async\" width=\"2560\" height=\"1707\" class=\"wp-block-cover__image-background wp-image-1412\" alt=\"\" src=\"https:\/\/roccahotels.ee\/wp-content\/uploads\/2025\/04\/Rocca_al_Mare_respa-scaled.jpg\" data-object-fit=\"cover\" srcset=\"https:\/\/roccahotels.ee\/wp-content\/uploads\/2025\/04\/Rocca_al_Mare_respa-scaled.jpg 2560w, https:\/\/roccahotels.ee\/wp-content\/uploads\/2025\/04\/Rocca_al_Mare_respa-300x200.jpg 300w, https:\/\/roccahotels.ee\/wp-content\/uploads\/2025\/04\/Rocca_al_Mare_respa-1024x683.jpg 1024w, https:\/\/roccahotels.ee\/wp-content\/uploads\/2025\/04\/Rocca_al_Mare_respa-768x512.jpg 768w, https:\/\/roccahotels.ee\/wp-content\/uploads\/2025\/04\/Rocca_al_Mare_respa-1536x1024.jpg 1536w, https:\/\/roccahotels.ee\/wp-content\/uploads\/2025\/04\/Rocca_al_Mare_respa-2048x1365.jpg 2048w, https:\/\/roccahotels.ee\/wp-content\/uploads\/2025\/04\/Rocca_al_Mare_respa-1568x1045.jpg 1568w\" sizes=\"auto, (max-width: 2560px) 100vw, 2560px\" \/><span aria-hidden=\"true\" class=\"wp-block-cover__background has-background-dim-10 has-background-dim\" style=\"background-color:#a9a19e\"><\/span><div class=\"wp-block-cover__inner-container is-layout-flow wp-block-cover-is-layout-flow\"><h1 class=\"wp-block-heading has-text-align-center has-white-color has-text-color has-link-color has-large-font-size wp-elements-555d3e4635cef4d75f79b6a39b4442ab\">YHTEYSTIEDOT<\/h1><\/div><\/div><div style=\"height:20px\" aria-hidden=\"true\" class=\"wp-block-spacer\"><\/div><div class=\"wp-block-columns alignwide are-vertically-aligned-center is-layout-flex wp-container-core-columns-is-layout-230aa1ab wp-block-columns-is-layout-flex\" style=\"padding-top:var(--wp--preset--spacing--40);padding-right:var(--wp--preset--spacing--40);padding-bottom:var(--wp--preset--spacing--40);padding-left:var(--wp--preset--spacing--40)\"><div class=\"wp-block-column is-vertically-aligned-center is-layout-flow wp-block-column-is-layout-flow\" style=\"flex-basis:33.33%\"><div style=\"border:3px dotted #ac906c\" class=\"align\"><div class=\"wp-block-group has-border is-layout-constrained wp-container-core-group-is-layout-401c758f wp-block-group-is-layout-constrained\"><h1 class=\"wp-block-heading\">Rocca al Mare Hotell<\/h1>\n\n<p style=\"font-size:25px\">Puhelin: <a href=\"tel:37258553514\">+372 5855 3514<\/a><br>S\u00e4hk\u00f6posti:\u00a0\u00a0<a href=\"mailto:sales@roccahotels.ee\">sales@roccahotels.ee<\/a><br><\/p>\n\n<p style=\"font-size:25px\">Vapaamuotoinen museo tie 9a, Tallinna, <br>13522, Viro<\/p><\/div><\/div><\/div>\n\n<div class=\"wp-block-column is-vertically-aligned-center is-layout-flow wp-block-column-is-layout-flow\" style=\"flex-basis:66.66%\"><div class=\"wp-block-webfactory-map alignfull google-map-edhotels\"><div class=\"wp-block-webfactory-map\"><iframe loading=\"lazy\" title=\"Map\" width=\"100%\" height=\"385px\" src=\"https:\/\/www.google.com\/maps\/embed\/v1\/place?q=vaba%C3%B5humuuseumi%20tee%209a&amp;maptype=roadmap&amp;zoom=15&amp;key=AIzaSyDu21TpfU-MuEwU2kFMxIuyEP8nP1tAj4I\" frameborder=\"0\"><\/iframe><\/div><\/div><\/div><\/div><div style=\"height:15px\" aria-hidden=\"true\" class=\"wp-block-spacer\"><\/div><div style=\"border:3px dotted #ac906c\" class=\"alignwide\"><div class=\"wp-block-group alignwide has-border is-layout-constrained wp-block-group-is-layout-constrained\"><div class=\"wp-block-columns alignwide is-layout-flex wp-container-core-columns-is-layout-28f84493 wp-block-columns-is-layout-flex\"><div class=\"wp-block-column is-layout-flow wp-block-column-is-layout-flow\"><h2 class=\"wp-block-heading has-text-align-center\" style=\"font-size:21px\"><strong>Yritystoiminnan ja innovaation tuki<\/strong><\/h2>\n\n<p class=\"has-text-align-center\" style=\"font-size:16px\"><strong>Projektin nimi: Rocca al Mare -hotellin hallintaj\u00e4rjestelm\u00e4n digitalisointi<\/strong><\/p>\n\n<p class=\"has-text-align-center\" style=\"font-size:14px\">Rocca al Mare Hotelli (Rocca Hotelligrupp O\u00dc) haki vuonna 2025 matkailualan ohjelmistojen liittymis- ja integrointitukea (2025\u20132027) pilvipohjaisen hallintaj\u00e4rjestelm\u00e4n k\u00e4ytt\u00f6\u00f6nottoa varten. Projektin tavoitteena on yhdist\u00e4\u00e4 kaikki varaukset yhten\u00e4iseen verkkopohjaiseen j\u00e4rjestelm\u00e4\u00e4n, v\u00e4hent\u00e4en manuaalista ty\u00f6t\u00e4 ja parantaen asiakaskokemusta automaattisilla vahvistuksilla, muistutuksilla sek\u00e4 reaaliaikaisilla n\u00e4kymill\u00e4. Projekti tukee matkailupalveluiden digitalisointia, jonka tuloksena Rocca al Mare Hotelli siirtyi nykyaikaiseen, verkko- ja mobiiliyst\u00e4v\u00e4lliseen hallintaj\u00e4rjestelm\u00e4\u00e4n BOUK.<\/p>\n\n<p class=\"has-text-align-center\" style=\"font-size:14px\"><strong>Tukisumma\u00a0<\/strong>13996,50\u00a0EUR<\/p>\n\n<figure class=\"wp-block-image aligncenter size-full is-resized\"><img loading=\"lazy\" decoding=\"async\" width=\"1022\" height=\"594\" src=\"https:\/\/roccahotels.ee\/wp-content\/uploads\/2025\/06\/kaasrahastanud-el-kaksiklogod-eng_hor_color.jpg\" alt=\"\" class=\"wp-image-2049\" style=\"width:270px;height:auto\" srcset=\"https:\/\/roccahotels.ee\/wp-content\/uploads\/2025\/06\/kaasrahastanud-el-kaksiklogod-eng_hor_color.jpg 1022w, https:\/\/roccahotels.ee\/wp-content\/uploads\/2025\/06\/kaasrahastanud-el-kaksiklogod-eng_hor_color-300x174.jpg 300w, https:\/\/roccahotels.ee\/wp-content\/uploads\/2025\/06\/kaasrahastanud-el-kaksiklogod-eng_hor_color-768x446.jpg 768w\" sizes=\"auto, (max-width: 1022px) 100vw, 1022px\" \/><\/figure><\/div>\n\n<div class=\"wp-block-column is-layout-flow wp-block-column-is-layout-flow\"><h2 class=\"wp-block-heading has-text-align-center\" style=\"font-size:21px\"><strong>Yritystoiminnan ja innovaation tuki<\/strong><\/h2>\n\n<p class=\"has-text-align-center\" style=\"font-size:16px\"><strong><strong>Projekti \u201eRocca Hotelligrupp O\u00dc:n varustuksen varmuusinvestoinnit\u201d sai tukea Euroopan unionin elpymisrahastosta NextGenerationEU.<\/strong><\/strong><\/p>\n\n<p class=\"has-text-align-center\" style=\"font-size:14px\">Projektin toteuttaminen on tarpeen yrityksen varmistuskyvyn parantamiseksi. Projektin tavoitteena on v\u00e4hent\u00e4\u00e4 yrityksen riippuvuutta fossiilisista polttoaineista. Tavoitteen saavuttamiseksi rakennetaan aurinkos\u00e4hk\u00f6asema yhdess\u00e4 s\u00e4hk\u00f6n varastointilaitteen kanssa, jonka k\u00e4ytt\u00f6\u00f6noton seurauksena fossiilisista polttoaineista tuotetun s\u00e4hk\u00f6energian kulutus s\u00e4hk\u00f6verkosta v\u00e4henee merkitt\u00e4v\u00e4sti ja yrityksen varmistuskyky paranee.<\/p>\n\n<p class=\"has-text-align-center\" style=\"font-size:14px\"><strong>Tukisumma:\u00a0<\/strong>51000\u00a0EUR<\/p>\n\n<figure class=\"wp-block-image aligncenter size-full is-resized\"><img loading=\"lazy\" decoding=\"async\" width=\"1022\" height=\"574\" src=\"https:\/\/roccahotels.ee\/wp-content\/uploads\/2025\/06\/NextGen_Rahastanud_EL_NextGeneration_ENG_hor_color_RGB.jpg\" alt=\"\" class=\"wp-image-2053\" style=\"width:270px;height:auto\" srcset=\"https:\/\/roccahotels.ee\/wp-content\/uploads\/2025\/06\/NextGen_Rahastanud_EL_NextGeneration_ENG_hor_color_RGB.jpg 1022w, https:\/\/roccahotels.ee\/wp-content\/uploads\/2025\/06\/NextGen_Rahastanud_EL_NextGeneration_ENG_hor_color_RGB-300x168.jpg 300w, https:\/\/roccahotels.ee\/wp-content\/uploads\/2025\/06\/NextGen_Rahastanud_EL_NextGeneration_ENG_hor_color_RGB-768x431.jpg 768w\" sizes=\"auto, (max-width: 1022px) 100vw, 1022px\" \/><\/figure><\/div><\/div><\/div><\/div><div style=\"height:15px\" aria-hidden=\"true\" class=\"wp-block-spacer\"><\/div><p><\/p>","protected":false},"excerpt":{"rendered":"<p>Rocca al Mare Hotell Puhelin: +372 5855 3514S\u00e4hk\u00f6posti:\u00a0\u00a0sales@roccahotels.ee Vapaamuotoinen museo tie 9a, Tallinna, 13522, Viro Yritystoiminnan ja innovaation tuki Projektin nimi: Rocca al Mare -hotellin hallintaj\u00e4rjestelm\u00e4n digitalisointi Rocca al Mare Hotelli (Rocca Hotelligrupp O\u00dc) haki vuonna 2025 matkailualan ohjelmistojen liittymis- ja integrointitukea (2025\u20132027) pilvipohjaisen hallintaj\u00e4rjestelm\u00e4n k\u00e4ytt\u00f6\u00f6nottoa varten. Projektin tavoitteena on yhdist\u00e4\u00e4 kaikki varaukset yhten\u00e4iseen verkkopohjaiseen [&hellip;]<\/p>\n","protected":false},"author":4,"featured_media":0,"parent":0,"menu_order":0,"comment_status":"closed","ping_status":"closed","template":"","meta":{"footnotes":""},"class_list":["post-2021","page","type-page","status-publish","hentry"],"yoast_head":"<!-- This site is optimized with the Yoast SEO plugin v27.1.1 - https:\/\/yoast.com\/product\/yoast-seo-wordpress\/ -->\n<title>YHTEYSTIEDOT - Rocca al Mare Hotel<\/title>\n<meta name=\"robots\" content=\"index, follow, max-snippet:-1, max-image-preview:large, max-video-preview:-1\" \/>\n<link rel=\"canonical\" href=\"https:\/\/roccahotels.ee\/fi\/yhteystiedot\/\" \/>\n<meta property=\"og:locale\" content=\"fi_FI\" \/>\n<meta property=\"og:type\" content=\"article\" \/>\n<meta property=\"og:title\" content=\"YHTEYSTIEDOT - Rocca al Mare Hotel\" \/>\n<meta property=\"og:description\" content=\"Rocca al Mare Hotell Puhelin: +372 5855 3514S\u00e4hk\u00f6posti:\u00a0\u00a0sales@roccahotels.ee Vapaamuotoinen museo tie 9a, Tallinna, 13522, Viro Yritystoiminnan ja innovaation tuki Projektin nimi: Rocca al Mare -hotellin hallintaj\u00e4rjestelm\u00e4n digitalisointi Rocca al Mare Hotelli (Rocca Hotelligrupp O\u00dc) haki vuonna 2025 matkailualan ohjelmistojen liittymis- ja integrointitukea (2025\u20132027) pilvipohjaisen hallintaj\u00e4rjestelm\u00e4n k\u00e4ytt\u00f6\u00f6nottoa varten. Projektin tavoitteena on yhdist\u00e4\u00e4 kaikki varaukset yhten\u00e4iseen verkkopohjaiseen [&hellip;]\" \/>\n<meta property=\"og:url\" content=\"https:\/\/roccahotels.ee\/fi\/yhteystiedot\/\" \/>\n<meta property=\"og:site_name\" content=\"Rocca al Mare Hotel\" \/>\n<meta property=\"article:publisher\" content=\"https:\/\/www.facebook.com\/RoccaAlMareHotell\" \/>\n<meta property=\"article:modified_time\" content=\"2025-06-26T10:26:40+00:00\" \/>\n<meta property=\"og:image\" content=\"https:\/\/roccahotels.ee\/wp-content\/uploads\/2025\/04\/Rocca_al_Mare_respa-scaled.jpg\" \/>\n<meta name=\"twitter:card\" content=\"summary_large_image\" \/>\n<meta name=\"twitter:label1\" content=\"Arvioitu lukuaika\" \/>\n\t<meta name=\"twitter:data1\" content=\"1 minuutti\" \/>\n<script type=\"application\/ld+json\" class=\"yoast-schema-graph\">{\"@context\":\"https:\/\/schema.org\",\"@graph\":[{\"@type\":\"WebPage\",\"@id\":\"https:\/\/roccahotels.ee\/fi\/yhteystiedot\/\",\"url\":\"https:\/\/roccahotels.ee\/fi\/yhteystiedot\/\",\"name\":\"YHTEYSTIEDOT - Rocca al Mare Hotel\",\"isPartOf\":{\"@id\":\"https:\/\/roccahotels.ee\/#website\"},\"primaryImageOfPage\":{\"@id\":\"https:\/\/roccahotels.ee\/fi\/yhteystiedot\/#primaryimage\"},\"image\":{\"@id\":\"https:\/\/roccahotels.ee\/fi\/yhteystiedot\/#primaryimage\"},\"thumbnailUrl\":\"https:\/\/roccahotels.ee\/wp-content\/uploads\/2025\/04\/Rocca_al_Mare_respa-scaled.jpg\",\"datePublished\":\"2025-04-02T12:15:30+00:00\",\"dateModified\":\"2025-06-26T10:26:40+00:00\",\"breadcrumb\":{\"@id\":\"https:\/\/roccahotels.ee\/fi\/yhteystiedot\/#breadcrumb\"},\"inLanguage\":\"fi\",\"potentialAction\":[{\"@type\":\"ReadAction\",\"target\":[\"https:\/\/roccahotels.ee\/fi\/yhteystiedot\/\"]}]},{\"@type\":\"ImageObject\",\"inLanguage\":\"fi\",\"@id\":\"https:\/\/roccahotels.ee\/fi\/yhteystiedot\/#primaryimage\",\"url\":\"https:\/\/roccahotels.ee\/wp-content\/uploads\/2025\/04\/Rocca_al_Mare_respa-scaled.jpg\",\"contentUrl\":\"https:\/\/roccahotels.ee\/wp-content\/uploads\/2025\/04\/Rocca_al_Mare_respa-scaled.jpg\"},{\"@type\":\"BreadcrumbList\",\"@id\":\"https:\/\/roccahotels.ee\/fi\/yhteystiedot\/#breadcrumb\",\"itemListElement\":[{\"@type\":\"ListItem\",\"position\":1,\"name\":\"Home\",\"item\":\"https:\/\/roccahotels.ee\/fi\/\"},{\"@type\":\"ListItem\",\"position\":2,\"name\":\"YHTEYSTIEDOT\"}]},{\"@type\":\"WebSite\",\"@id\":\"https:\/\/roccahotels.ee\/#website\",\"url\":\"https:\/\/roccahotels.ee\/\",\"name\":\"Rocca al Mare Hotel\",\"description\":\"Rocca al Mare hotell panoraamvaatega Tallinna lahele\",\"publisher\":{\"@id\":\"https:\/\/roccahotels.ee\/#organization\"},\"alternateName\":\"Rocca al Mare Hotel\",\"potentialAction\":[{\"@type\":\"SearchAction\",\"target\":{\"@type\":\"EntryPoint\",\"urlTemplate\":\"https:\/\/roccahotels.ee\/?s={search_term_string}\"},\"query-input\":{\"@type\":\"PropertyValueSpecification\",\"valueRequired\":true,\"valueName\":\"search_term_string\"}}],\"inLanguage\":\"fi\"},{\"@type\":\"Organization\",\"@id\":\"https:\/\/roccahotels.ee\/#organization\",\"name\":\"Rocca al Mare Hotel\",\"url\":\"https:\/\/roccahotels.ee\/\",\"logo\":{\"@type\":\"ImageObject\",\"inLanguage\":\"fi\",\"@id\":\"https:\/\/roccahotels.ee\/#\/schema\/logo\/image\/\",\"url\":\"https:\/\/roccahotels.ee\/wp-content\/uploads\/2025\/07\/Rocca-al-Mare-HOTEL-RESTAURANT-250-x-100-px.svg\",\"contentUrl\":\"https:\/\/roccahotels.ee\/wp-content\/uploads\/2025\/07\/Rocca-al-Mare-HOTEL-RESTAURANT-250-x-100-px.svg\",\"width\":187,\"height\":74,\"caption\":\"Rocca al Mare Hotel\"},\"image\":{\"@id\":\"https:\/\/roccahotels.ee\/#\/schema\/logo\/image\/\"},\"sameAs\":[\"https:\/\/www.facebook.com\/RoccaAlMareHotell\"]}]}<\/script>\n<!-- \/ Yoast SEO plugin. -->","yoast_head_json":{"title":"YHTEYSTIEDOT - Rocca al Mare Hotel","robots":{"index":"index","follow":"follow","max-snippet":"max-snippet:-1","max-image-preview":"max-image-preview:large","max-video-preview":"max-video-preview:-1"},"canonical":"https:\/\/roccahotels.ee\/fi\/yhteystiedot\/","og_locale":"fi_FI","og_type":"article","og_title":"YHTEYSTIEDOT - Rocca al Mare Hotel","og_description":"Rocca al Mare Hotell Puhelin: +372 5855 3514S\u00e4hk\u00f6posti:\u00a0\u00a0sales@roccahotels.ee Vapaamuotoinen museo tie 9a, Tallinna, 13522, Viro Yritystoiminnan ja innovaation tuki Projektin nimi: Rocca al Mare -hotellin hallintaj\u00e4rjestelm\u00e4n digitalisointi Rocca al Mare Hotelli (Rocca Hotelligrupp O\u00dc) haki vuonna 2025 matkailualan ohjelmistojen liittymis- ja integrointitukea (2025\u20132027) pilvipohjaisen hallintaj\u00e4rjestelm\u00e4n k\u00e4ytt\u00f6\u00f6nottoa varten. Projektin tavoitteena on yhdist\u00e4\u00e4 kaikki varaukset yhten\u00e4iseen verkkopohjaiseen [&hellip;]","og_url":"https:\/\/roccahotels.ee\/fi\/yhteystiedot\/","og_site_name":"Rocca al Mare Hotel","article_publisher":"https:\/\/www.facebook.com\/RoccaAlMareHotell","article_modified_time":"2025-06-26T10:26:40+00:00","og_image":[{"url":"https:\/\/roccahotels.ee\/wp-content\/uploads\/2025\/04\/Rocca_al_Mare_respa-scaled.jpg","type":"","width":"","height":""}],"twitter_card":"summary_large_image","twitter_misc":{"Arvioitu lukuaika":"1 minuutti"},"schema":{"@context":"https:\/\/schema.org","@graph":[{"@type":"WebPage","@id":"https:\/\/roccahotels.ee\/fi\/yhteystiedot\/","url":"https:\/\/roccahotels.ee\/fi\/yhteystiedot\/","name":"YHTEYSTIEDOT - Rocca al Mare Hotel","isPartOf":{"@id":"https:\/\/roccahotels.ee\/#website"},"primaryImageOfPage":{"@id":"https:\/\/roccahotels.ee\/fi\/yhteystiedot\/#primaryimage"},"image":{"@id":"https:\/\/roccahotels.ee\/fi\/yhteystiedot\/#primaryimage"},"thumbnailUrl":"https:\/\/roccahotels.ee\/wp-content\/uploads\/2025\/04\/Rocca_al_Mare_respa-scaled.jpg","datePublished":"2025-04-02T12:15:30+00:00","dateModified":"2025-06-26T10:26:40+00:00","breadcrumb":{"@id":"https:\/\/roccahotels.ee\/fi\/yhteystiedot\/#breadcrumb"},"inLanguage":"fi","potentialAction":[{"@type":"ReadAction","target":["https:\/\/roccahotels.ee\/fi\/yhteystiedot\/"]}]},{"@type":"ImageObject","inLanguage":"fi","@id":"https:\/\/roccahotels.ee\/fi\/yhteystiedot\/#primaryimage","url":"https:\/\/roccahotels.ee\/wp-content\/uploads\/2025\/04\/Rocca_al_Mare_respa-scaled.jpg","contentUrl":"https:\/\/roccahotels.ee\/wp-content\/uploads\/2025\/04\/Rocca_al_Mare_respa-scaled.jpg"},{"@type":"BreadcrumbList","@id":"https:\/\/roccahotels.ee\/fi\/yhteystiedot\/#breadcrumb","itemListElement":[{"@type":"ListItem","position":1,"name":"Home","item":"https:\/\/roccahotels.ee\/fi\/"},{"@type":"ListItem","position":2,"name":"YHTEYSTIEDOT"}]},{"@type":"WebSite","@id":"https:\/\/roccahotels.ee\/#website","url":"https:\/\/roccahotels.ee\/","name":"Rocca al Mare Hotel","description":"Rocca al Mare hotell panoraamvaatega Tallinna lahele","publisher":{"@id":"https:\/\/roccahotels.ee\/#organization"},"alternateName":"Rocca al Mare Hotel","potentialAction":[{"@type":"SearchAction","target":{"@type":"EntryPoint","urlTemplate":"https:\/\/roccahotels.ee\/?s={search_term_string}"},"query-input":{"@type":"PropertyValueSpecification","valueRequired":true,"valueName":"search_term_string"}}],"inLanguage":"fi"},{"@type":"Organization","@id":"https:\/\/roccahotels.ee\/#organization","name":"Rocca al Mare Hotel","url":"https:\/\/roccahotels.ee\/","logo":{"@type":"ImageObject","inLanguage":"fi","@id":"https:\/\/roccahotels.ee\/#\/schema\/logo\/image\/","url":"https:\/\/roccahotels.ee\/wp-content\/uploads\/2025\/07\/Rocca-al-Mare-HOTEL-RESTAURANT-250-x-100-px.svg","contentUrl":"https:\/\/roccahotels.ee\/wp-content\/uploads\/2025\/07\/Rocca-al-Mare-HOTEL-RESTAURANT-250-x-100-px.svg","width":187,"height":74,"caption":"Rocca al Mare Hotel"},"image":{"@id":"https:\/\/roccahotels.ee\/#\/schema\/logo\/image\/"},"sameAs":["https:\/\/www.facebook.com\/RoccaAlMareHotell"]}]}},"_links":{"self":[{"href":"https:\/\/roccahotels.ee\/fi\/wp-json\/wp\/v2\/pages\/2021","targetHints":{"allow":["GET"]}}],"collection":[{"href":"https:\/\/roccahotels.ee\/fi\/wp-json\/wp\/v2\/pages"}],"about":[{"href":"https:\/\/roccahotels.ee\/fi\/wp-json\/wp\/v2\/types\/page"}],"author":[{"embeddable":true,"href":"https:\/\/roccahotels.ee\/fi\/wp-json\/wp\/v2\/users\/4"}],"replies":[{"embeddable":true,"href":"https:\/\/roccahotels.ee\/fi\/wp-json\/wp\/v2\/comments?post=2021"}],"version-history":[{"count":3,"href":"https:\/\/roccahotels.ee\/fi\/wp-json\/wp\/v2\/pages\/2021\/revisions"}],"predecessor-version":[{"id":2110,"href":"https:\/\/roccahotels.ee\/fi\/wp-json\/wp\/v2\/pages\/2021\/revisions\/2110"}],"wp:attachment":[{"href":"https:\/\/roccahotels.ee\/fi\/wp-json\/wp\/v2\/media?parent=2021"}],"curies":[{"name":"wp","href":"https:\/\/api.w.org\/{rel}","templated":true}]}}